{"id":633,"date":"2017-02-27T09:38:12","date_gmt":"2017-02-27T09:38:12","guid":{"rendered":"http:\/\/residenceillago.ro\/it\/apartamente\/"},"modified":"2018-02-27T06:34:45","modified_gmt":"2018-02-27T06:34:45","slug":"appartamenti","status":"publish","type":"page","link":"https:\/\/residenceillago.ro\/it\/appartamenti\/","title":{"rendered":"Appartamenti"},"content":{"rendered":"<div id=\"pl-633\"  class=\"panel-layout\" ><div id=\"pg-633-0\"  class=\"panel-grid panel-no-style\" ><div id=\"pgc-633-0-0\"  class=\"panel-grid-cell\" ><div id=\"panel-633-0-0-0\" class=\"so-panel widget widget_sow-editor panel-first-child panel-last-child\" data-index=\"0\" ><div\n\t\t\t\n\t\t\tclass=\"so-widget-sow-editor so-widget-sow-editor-base\"\n\t\t\t\n\t\t>\n<div class=\"siteorigin-widget-tinymce textwidget\">\n\t<p class=\"western\" lang=\"it-IT\"><span style=\"font-size: large;\">Con un'atmosfera cordiale e professionale, Residence Il Lago mette a vostra disposizione 10 appartamenti moderni e luminosi. Per un soggiorno pi\u00f9 confortevole abbiamo dotato il palazzo con un ascensore ed un garage sotterraneo con video sorveglianza permanente. <\/span><\/p>\n<p class=\"western\" lang=\"it-IT\"><span style=\"font-size: large;\">Abbiamo pensato anche alla vostra sicurezza e privacy : l'acceso \u00e8 da una strada privata e tutti gli appartamenti sono previsti di campanello e citofono. Gli appartamenti sono composti da una zona giorno molto accogliente, con angolo cottura completamente attrezzato e da una o due camere da letto. <\/span><\/p>\n<p class=\"western\" lang=\"it-IT\"><span style=\"font-size: large;\">Per rendervi il soggiorno pi\u00f9 gradevole: l'arredo \u00e8 personalizzato, avete a disposizione WiFi gratuito ad alta velocit\u00e0, aria condizionata, smart TV \u00a0e cassaforte. <\/span><\/p>\n<p class=\"western\" lang=\"it-IT\"><span style=\"font-size: large;\">Avete bisogno di un momento di relax?\u00a0<\/span><span style=\"font-size: large;\">Potete stare comodamente in terrazza o ammirare la bellezza mozzafiato del lago Gheorgheni dai balconi superiori! <\/span><\/p>\n<p class=\"western\" lang=\"it-IT\"><span style=\"font-size: large;\">Se non desiderate cucinare, avete a disposizione un intero piano di fast food\/ristoranti nel grande centro commerciale vicino a cui siamo posizionati!<\/span><\/p>\n<\/div>\n<\/div><\/div><\/div><\/div><div id=\"pg-633-1\"  class=\"panel-grid panel-no-style\" ><div id=\"pgc-633-1-0\"  class=\"panel-grid-cell\" ><div id=\"panel-633-1-0-0\" class=\"so-panel widget widget_sow-editor panel-first-child\" data-index=\"1\" ><div\n\t\t\t\n\t\t\tclass=\"so-widget-sow-editor so-widget-sow-editor-base\"\n\t\t\t\n\t\t>\n<div class=\"siteorigin-widget-tinymce textwidget\">\n\t<p><a href=\"http:\/\/residenceillago.ro\/it\/appartamenti-con-una-camera-da-letto-2-4-persone\/\"><div class=\"ich-prefix\">\r\n    <div class=\"row wcp-fgg-wrap\" style=\"width:auto;margin-left: -10px;margin-right: -10px;\">\r\n\r\n        \r\n\r\n                                <div class=\"col-1-1\" style=\"padding: 10px;\">\r\n                                    <div class=\"ih-item square effect6 from_top_and_bottom\">\r\n                        <div class=\"wcp-ih-inner\">\r\n                                                    <div class=\"img\">\r\n                                <img decoding=\"async\" src=\"https:\/\/residenceillago.ro\/wp-content\/uploads\/2017\/02\/ap-2-4-pers.jpg\" title=\"Apartment with 1 bedroom (2-4 guests)\" alt=\"\" \/>                \r\n                            <\/div>\r\n                            <div class=\"info\" style=\"background-color: ;color:;\">\r\n                                <div >\r\n                                    <h3>Apartment with 1 bedroom (2-4 guests)<\/h3>\r\n                                    <p style=\"text-align: justify;\">\r\n                                        <div class=\"tail_price\">From: 79 Euro<\/div>                                    <\/p>\r\n                                <\/div>\r\n                            <\/div>\r\n                        <\/div>\r\n                                            <\/div>\r\n                    \r\n                            <\/div>\r\n            \r\n            <\/div>\r\n    \r\n    <div class=\"clearfix\"><\/div>\r\n    \r\n<\/div><\/a><\/p>\n<\/div>\n<\/div><\/div><div id=\"panel-633-1-0-1\" class=\"so-panel widget widget_sow-editor panel-last-child\" data-index=\"2\" ><div\n\t\t\t\n\t\t\tclass=\"so-widget-sow-editor so-widget-sow-editor-base\"\n\t\t\t\n\t\t>\n<div class=\"siteorigin-widget-tinymce textwidget\">\n\t<p><a href=\"http:\/\/residenceillago.ro\/it\/appartamenti-con-due-camere-da-letto-4-6-persiane\/\"><div class=\"ich-prefix\">\r\n    <div class=\"row wcp-fgg-wrap\" style=\"width:auto;margin-left: -10px;margin-right: -10px;\">\r\n\r\n        \r\n\r\n                                <div class=\"col-1-1\" style=\"padding: 10px;\">\r\n                                    <div class=\"ih-item square effect6 from_top_and_bottom\">\r\n                        <div class=\"wcp-ih-inner\">\r\n                                                    <div class=\"img\">\r\n                                <img decoding=\"async\" src=\"https:\/\/residenceillago.ro\/wp-content\/uploads\/2017\/03\/apartament-4-6pers.jpg\" title=\"Apartment with two bedrooms (4-6 guests)\" alt=\"\" \/>                \r\n                            <\/div>\r\n                            <div class=\"info\" style=\"background-color: ;color:;\">\r\n                                <div >\r\n                                    <h3>Apartment with two bedrooms (4-6 guests)<\/h3>\r\n                                    <p style=\"text-align: justify;\">\r\n                                        <div class=\"tail_price\">From: 109 Euro<\/div>                                    <\/p>\r\n                                <\/div>\r\n                            <\/div>\r\n                        <\/div>\r\n                                            <\/div>\r\n                    \r\n                            <\/div>\r\n            \r\n            <\/div>\r\n    \r\n    <div class=\"clearfix\"><\/div>\r\n    \r\n<\/div><\/a><\/p>\n<\/div>\n<\/div><\/div><\/div><div id=\"pgc-633-1-1\"  class=\"panel-grid-cell\" ><div id=\"panel-633-1-1-0\" class=\"so-panel widget widget_sow-editor panel-first-child\" data-index=\"3\" ><div\n\t\t\t\n\t\t\tclass=\"so-widget-sow-editor so-widget-sow-editor-base\"\n\t\t\t\n\t\t>\n<div class=\"siteorigin-widget-tinymce textwidget\">\n\t<p><a href=\"http:\/\/residenceillago.ro\/it\/appartamenti-con-due-camere-da-letto-una-matrimoniale-ed-una-singola-3-5-persiane\/\"><div class=\"ich-prefix\">\r\n    <div class=\"row wcp-fgg-wrap\" style=\"width:auto;margin-left: -10px;margin-right: -10px;\">\r\n\r\n        \r\n\r\n                                <div class=\"col-1-1\" style=\"padding: 10px;\">\r\n                                    <div class=\"ih-item square effect6 from_top_and_bottom\">\r\n                        <div class=\"wcp-ih-inner\">\r\n                                                    <div class=\"img\">\r\n                                <img decoding=\"async\" src=\"https:\/\/residenceillago.ro\/wp-content\/uploads\/2017\/03\/ap-3-5-pers-1.jpg\" title=\"Apartment with two bedrooms  (3-5 guests)\" alt=\"\" \/>                \r\n                            <\/div>\r\n                            <div class=\"info\" style=\"background-color: ;color:;\">\r\n                                <div >\r\n                                    <h3>Apartment with two bedrooms  (3-5 guests)<\/h3>\r\n                                    <p style=\"text-align: justify;\">\r\n                                        <div class=\"tail_price\">From: 95 Euro<\/div>                                    <\/p>\r\n                                <\/div>\r\n                            <\/div>\r\n                        <\/div>\r\n                                            <\/div>\r\n                    \r\n                            <\/div>\r\n            \r\n            <\/div>\r\n    \r\n    <div class=\"clearfix\"><\/div>\r\n    \r\n<\/div><\/a><\/p>\n<\/div>\n<\/div><\/div><div id=\"panel-633-1-1-1\" class=\"so-panel widget widget_sow-editor panel-last-child\" data-index=\"4\" ><div\n\t\t\t\n\t\t\tclass=\"so-widget-sow-editor so-widget-sow-editor-base\"\n\t\t\t\n\t\t>\n<div class=\"siteorigin-widget-tinymce textwidget\">\n\t<p><a href=\"http:\/\/residenceillago.ro\/it\/apartament-penthouse-4-6-persoane\/\"><div class=\"ich-prefix\">\r\n    <div class=\"row wcp-fgg-wrap\" style=\"width:auto;margin-left: -10px;margin-right: -10px;\">\r\n\r\n        \r\n\r\n                                <div class=\"col-1-1\" style=\"padding: 10px;\">\r\n                                    <div class=\"ih-item square effect6 from_top_and_bottom\">\r\n                        <div class=\"wcp-ih-inner\">\r\n                                                    <div class=\"img\">\r\n                                <img decoding=\"async\" src=\"https:\/\/residenceillago.ro\/wp-content\/uploads\/2017\/03\/penthouse.jpg\" title=\"Penthouse (4-6 guests)\" alt=\"\" \/>                \r\n                            <\/div>\r\n                            <div class=\"info\" style=\"background-color: ;color:;\">\r\n                                <div >\r\n                                    <h3>Penthouse (4-6 guests)<\/h3>\r\n                                    <p style=\"text-align: justify;\">\r\n                                        <div class=\"tail_price\">From: 122 Euro<\/div>                                    <\/p>\r\n                                <\/div>\r\n                            <\/div>\r\n                        <\/div>\r\n                                            <\/div>\r\n                    \r\n                            <\/div>\r\n            \r\n            <\/div>\r\n    \r\n    <div class=\"clearfix\"><\/div>\r\n    \r\n<\/div><\/a><\/p>\n<\/div>\n<\/div><\/div><\/div><\/div><\/div>","protected":false},"excerpt":{"rendered":"<p>Con un&#8217;atmosfera cordiale e professionale, Residence Il Lago mette a vostra disposizione 10 appartamenti moderni e luminosi. Per un soggiorno pi\u00f9 confortevole abbiamo dotato il palazzo con un ascensore ed un garage sotterraneo con video sorveglianza permanente. Abbiamo pensato anche alla vostra sicurezza e privacy : l&#8217;acceso \u00e8 da una strada privata e tutti gli [&hellip;]<\/p>\n","protected":false},"author":1,"featured_media":0,"parent":0,"menu_order":0,"comment_status":"closed","ping_status":"closed","template":"page-fullwidth.php","meta":{"_acf_changed":false,"footnotes":""},"class_list":["post-633","page","type-page","status-publish","hentry"],"acf":[],"yoast_head":"<!-- This site is optimized with the Yoast SEO plugin v27.0 - https:\/\/yoast.com\/product\/yoast-seo-wordpress\/ -->\n<title>Appartamenti | Residenceillago<\/title>\n<meta name=\"robots\" content=\"index, follow, max-snippet:-1, max-image-preview:large, max-video-preview:-1\" \/>\n<link rel=\"canonical\" href=\"https:\/\/residenceillago.ro\/it\/appartamenti\/\" \/>\n<meta property=\"og:locale\" content=\"it_IT\" \/>\n<meta property=\"og:type\" content=\"article\" \/>\n<meta property=\"og:title\" content=\"Appartamenti | Residenceillago\" \/>\n<meta property=\"og:description\" content=\"Con un&#039;atmosfera cordiale e professionale, Residence Il Lago mette a vostra disposizione 10 appartamenti moderni e luminosi. Per un soggiorno pi\u00f9 confortevole abbiamo dotato il palazzo con un ascensore ed un garage sotterraneo con video sorveglianza permanente. Abbiamo pensato anche alla vostra sicurezza e privacy : l&#039;acceso \u00e8 da una strada privata e tutti gli [&hellip;]\" \/>\n<meta property=\"og:url\" content=\"https:\/\/residenceillago.ro\/it\/appartamenti\/\" \/>\n<meta property=\"og:site_name\" content=\"Residenceillago\" \/>\n<meta property=\"article:publisher\" content=\"https:\/\/www.facebook.com\/RESIDENCEIlLago\" \/>\n<meta property=\"article:modified_time\" content=\"2018-02-27T06:34:45+00:00\" \/>\n<meta property=\"og:image\" content=\"https:\/\/residenceillago.ro\/wp-content\/uploads\/2017\/02\/ap-2-4-pers.jpg\" \/>\n<meta name=\"twitter:card\" content=\"summary_large_image\" \/>\n<meta name=\"twitter:site\" content=\"@RESIDENCEIlLago\" \/>\n<meta name=\"twitter:label1\" content=\"Est. reading time\" \/>\n\t<meta name=\"twitter:data1\" content=\"1 minute\" \/>\n<script type=\"application\/ld+json\" class=\"yoast-schema-graph\">{\"@context\":\"https:\/\/schema.org\",\"@graph\":[{\"@type\":\"WebPage\",\"@id\":\"https:\/\/residenceillago.ro\/it\/appartamenti\/\",\"url\":\"https:\/\/residenceillago.ro\/it\/appartamenti\/\",\"name\":\"Appartamenti | Residenceillago\",\"isPartOf\":{\"@id\":\"https:\/\/residenceillago.ro\/#website\"},\"primaryImageOfPage\":{\"@id\":\"https:\/\/residenceillago.ro\/it\/appartamenti\/#primaryimage\"},\"image\":{\"@id\":\"https:\/\/residenceillago.ro\/it\/appartamenti\/#primaryimage\"},\"thumbnailUrl\":\"https:\/\/residenceillago.ro\/wp-content\/uploads\/2017\/02\/ap-2-4-pers.jpg\",\"datePublished\":\"2017-02-27T09:38:12+00:00\",\"dateModified\":\"2018-02-27T06:34:45+00:00\",\"breadcrumb\":{\"@id\":\"https:\/\/residenceillago.ro\/it\/appartamenti\/#breadcrumb\"},\"inLanguage\":\"it-IT\",\"potentialAction\":[{\"@type\":\"ReadAction\",\"target\":[\"https:\/\/residenceillago.ro\/it\/appartamenti\/\"]}]},{\"@type\":\"ImageObject\",\"inLanguage\":\"it-IT\",\"@id\":\"https:\/\/residenceillago.ro\/it\/appartamenti\/#primaryimage\",\"url\":\"https:\/\/residenceillago.ro\/wp-content\/uploads\/2017\/02\/ap-2-4-pers.jpg\",\"contentUrl\":\"https:\/\/residenceillago.ro\/wp-content\/uploads\/2017\/02\/ap-2-4-pers.jpg\"},{\"@type\":\"BreadcrumbList\",\"@id\":\"https:\/\/residenceillago.ro\/it\/appartamenti\/#breadcrumb\",\"itemListElement\":[{\"@type\":\"ListItem\",\"position\":1,\"name\":\"Home\",\"item\":\"https:\/\/residenceillago.ro\/it\/\"},{\"@type\":\"ListItem\",\"position\":2,\"name\":\"Appartamenti\"}]},{\"@type\":\"WebSite\",\"@id\":\"https:\/\/residenceillago.ro\/#website\",\"url\":\"https:\/\/residenceillago.ro\/\",\"name\":\"Residenceillago\",\"description\":\"Residenceillago\",\"potentialAction\":[{\"@type\":\"SearchAction\",\"target\":{\"@type\":\"EntryPoint\",\"urlTemplate\":\"https:\/\/residenceillago.ro\/?s={search_term_string}\"},\"query-input\":{\"@type\":\"PropertyValueSpecification\",\"valueRequired\":true,\"valueName\":\"search_term_string\"}}],\"inLanguage\":\"it-IT\"}]}<\/script>\n<!-- \/ Yoast SEO plugin. -->","yoast_head_json":{"title":"Appartamenti | Residenceillago","robots":{"index":"index","follow":"follow","max-snippet":"max-snippet:-1","max-image-preview":"max-image-preview:large","max-video-preview":"max-video-preview:-1"},"canonical":"https:\/\/residenceillago.ro\/it\/appartamenti\/","og_locale":"it_IT","og_type":"article","og_title":"Appartamenti | Residenceillago","og_description":"Con un'atmosfera cordiale e professionale, Residence Il Lago mette a vostra disposizione 10 appartamenti moderni e luminosi. Per un soggiorno pi\u00f9 confortevole abbiamo dotato il palazzo con un ascensore ed un garage sotterraneo con video sorveglianza permanente. Abbiamo pensato anche alla vostra sicurezza e privacy : l'acceso \u00e8 da una strada privata e tutti gli [&hellip;]","og_url":"https:\/\/residenceillago.ro\/it\/appartamenti\/","og_site_name":"Residenceillago","article_publisher":"https:\/\/www.facebook.com\/RESIDENCEIlLago","article_modified_time":"2018-02-27T06:34:45+00:00","og_image":[{"url":"https:\/\/residenceillago.ro\/wp-content\/uploads\/2017\/02\/ap-2-4-pers.jpg","type":"","width":"","height":""}],"twitter_card":"summary_large_image","twitter_site":"@RESIDENCEIlLago","twitter_misc":{"Est. reading time":"1 minute"},"schema":{"@context":"https:\/\/schema.org","@graph":[{"@type":"WebPage","@id":"https:\/\/residenceillago.ro\/it\/appartamenti\/","url":"https:\/\/residenceillago.ro\/it\/appartamenti\/","name":"Appartamenti | Residenceillago","isPartOf":{"@id":"https:\/\/residenceillago.ro\/#website"},"primaryImageOfPage":{"@id":"https:\/\/residenceillago.ro\/it\/appartamenti\/#primaryimage"},"image":{"@id":"https:\/\/residenceillago.ro\/it\/appartamenti\/#primaryimage"},"thumbnailUrl":"https:\/\/residenceillago.ro\/wp-content\/uploads\/2017\/02\/ap-2-4-pers.jpg","datePublished":"2017-02-27T09:38:12+00:00","dateModified":"2018-02-27T06:34:45+00:00","breadcrumb":{"@id":"https:\/\/residenceillago.ro\/it\/appartamenti\/#breadcrumb"},"inLanguage":"it-IT","potentialAction":[{"@type":"ReadAction","target":["https:\/\/residenceillago.ro\/it\/appartamenti\/"]}]},{"@type":"ImageObject","inLanguage":"it-IT","@id":"https:\/\/residenceillago.ro\/it\/appartamenti\/#primaryimage","url":"https:\/\/residenceillago.ro\/wp-content\/uploads\/2017\/02\/ap-2-4-pers.jpg","contentUrl":"https:\/\/residenceillago.ro\/wp-content\/uploads\/2017\/02\/ap-2-4-pers.jpg"},{"@type":"BreadcrumbList","@id":"https:\/\/residenceillago.ro\/it\/appartamenti\/#breadcrumb","itemListElement":[{"@type":"ListItem","position":1,"name":"Home","item":"https:\/\/residenceillago.ro\/it\/"},{"@type":"ListItem","position":2,"name":"Appartamenti"}]},{"@type":"WebSite","@id":"https:\/\/residenceillago.ro\/#website","url":"https:\/\/residenceillago.ro\/","name":"Residenceillago","description":"Residenceillago","potentialAction":[{"@type":"SearchAction","target":{"@type":"EntryPoint","urlTemplate":"https:\/\/residenceillago.ro\/?s={search_term_string}"},"query-input":{"@type":"PropertyValueSpecification","valueRequired":true,"valueName":"search_term_string"}}],"inLanguage":"it-IT"}]}},"_links":{"self":[{"href":"https:\/\/residenceillago.ro\/it\/wp-json\/wp\/v2\/pages\/633","targetHints":{"allow":["GET"]}}],"collection":[{"href":"https:\/\/residenceillago.ro\/it\/wp-json\/wp\/v2\/pages"}],"about":[{"href":"https:\/\/residenceillago.ro\/it\/wp-json\/wp\/v2\/types\/page"}],"author":[{"embeddable":true,"href":"https:\/\/residenceillago.ro\/it\/wp-json\/wp\/v2\/users\/1"}],"replies":[{"embeddable":true,"href":"https:\/\/residenceillago.ro\/it\/wp-json\/wp\/v2\/comments?post=633"}],"version-history":[{"count":9,"href":"https:\/\/residenceillago.ro\/it\/wp-json\/wp\/v2\/pages\/633\/revisions"}],"predecessor-version":[{"id":1474,"href":"https:\/\/residenceillago.ro\/it\/wp-json\/wp\/v2\/pages\/633\/revisions\/1474"}],"wp:attachment":[{"href":"https:\/\/residenceillago.ro\/it\/wp-json\/wp\/v2\/media?parent=633"}],"curies":[{"name":"wp","href":"https:\/\/api.w.org\/{rel}","templated":true}]}}