{"id":641,"date":"2017-03-21T10:25:52","date_gmt":"2017-03-21T10:25:52","guid":{"rendered":"http:\/\/residenceillago.ro\/it\/camera-speciala\/"},"modified":"2023-10-11T09:52:46","modified_gmt":"2023-10-11T09:52:46","slug":"camera-speciala","status":"publish","type":"page","link":"https:\/\/residenceillago.ro\/it\/camera-speciala\/","title":{"rendered":"Camera per le persone disabili"},"content":{"rendered":"<h3 class=\"widget-title\">Camera per le persone disabili<\/h3>\n<p>Una camera per le persone disabili: con una superficie di cca 15 mq, questa camera \u00e8 arredata con un letto confortevole (120&#215;100) e un altro letto per l&#8217;accompagnatore (110&#215;200), materassi Premium, tende ignifughe blackout, cassaforte, minifrigor, smart Tv 32\u201d, WiFi ad alta velocit\u00e0. Arredata specialmente per l&#8217;accesso facile con la carrozzina, il bagno \u00e8 dotato con doccia, asciugacappelli, asciugamani, shampoo e sapone di qualit\u00e0.<\/p>\n<p>Se la persona ha un accompagnatore: da pagare in pi\u00f9 5 euro\/giorno<\/p>\n<p>&nbsp;<\/p>\n<p>&nbsp;<\/p>\n<h2 id=\"book_now_title\">PRENOTA ORA<\/h2>\n<p>&nbsp;<\/p>\n<p>&nbsp;<\/p>\n","protected":false},"excerpt":{"rendered":"<p>Camera per le persone disabili Una camera per le persone disabili: con una superficie di cca 15 mq, questa camera \u00e8 arredata con un letto confortevole (120&#215;100) e un altro letto per l&#8217;accompagnatore (110&#215;200), materassi Premium, tende ignifughe blackout, cassaforte, minifrigor, smart Tv 32\u201d, WiFi ad alta velocit\u00e0. Arredata specialmente per l&#8217;accesso facile con la [&hellip;]<\/p>\n","protected":false},"author":5,"featured_media":417,"parent":0,"menu_order":0,"comment_status":"closed","ping_status":"closed","template":"page-room.php","meta":{"_acf_changed":false,"footnotes":""},"class_list":["post-641","page","type-page","status-publish","has-post-thumbnail","hentry"],"acf":[],"yoast_head":"<!-- This site is optimized with the Yoast SEO plugin v27.0 - https:\/\/yoast.com\/product\/yoast-seo-wordpress\/ -->\n<title>Camera per le persone disabili | RESIDENCE Il Lago, alloggio Cluj<\/title>\n<meta name=\"description\" content=\"Una camera per le persone disabili: questa camera \u00e8 arredata con un letto confortevole e un altro letto per l&#039;accompagnatore\" \/>\n<meta name=\"robots\" content=\"index, follow, max-snippet:-1, max-image-preview:large, max-video-preview:-1\" \/>\n<link rel=\"canonical\" href=\"https:\/\/residenceillago.ro\/it\/camera-speciala\/\" \/>\n<meta property=\"og:locale\" content=\"it_IT\" \/>\n<meta property=\"og:type\" content=\"article\" \/>\n<meta property=\"og:title\" content=\"Camera per le persone disabili | RESIDENCE Il Lago, alloggio Cluj\" \/>\n<meta property=\"og:description\" content=\"Una camera per le persone disabili: questa camera \u00e8 arredata con un letto confortevole e un altro letto per l&#039;accompagnatore\" \/>\n<meta property=\"og:url\" content=\"https:\/\/residenceillago.ro\/it\/camera-speciala\/\" \/>\n<meta property=\"og:site_name\" content=\"Residenceillago\" \/>\n<meta property=\"article:publisher\" content=\"https:\/\/www.facebook.com\/RESIDENCEIlLago\" \/>\n<meta property=\"article:modified_time\" content=\"2023-10-11T09:52:46+00:00\" \/>\n<meta property=\"og:image\" content=\"https:\/\/residenceillago.ro\/wp-content\/uploads\/2017\/03\/web2017_05_IL_Lago_CatalinHladi-9050.jpg\" \/>\n\t<meta property=\"og:image:width\" content=\"1250\" \/>\n\t<meta property=\"og:image:height\" content=\"834\" \/>\n\t<meta property=\"og:image:type\" content=\"image\/jpeg\" \/>\n<meta name=\"twitter:card\" content=\"summary_large_image\" \/>\n<meta name=\"twitter:site\" content=\"@RESIDENCEIlLago\" \/>\n<script type=\"application\/ld+json\" class=\"yoast-schema-graph\">{\"@context\":\"https:\/\/schema.org\",\"@graph\":[{\"@type\":\"WebPage\",\"@id\":\"https:\/\/residenceillago.ro\/it\/camera-speciala\/\",\"url\":\"https:\/\/residenceillago.ro\/it\/camera-speciala\/\",\"name\":\"Camera per le persone disabili | RESIDENCE Il Lago, alloggio Cluj\",\"isPartOf\":{\"@id\":\"https:\/\/residenceillago.ro\/#website\"},\"primaryImageOfPage\":{\"@id\":\"https:\/\/residenceillago.ro\/it\/camera-speciala\/#primaryimage\"},\"image\":{\"@id\":\"https:\/\/residenceillago.ro\/it\/camera-speciala\/#primaryimage\"},\"thumbnailUrl\":\"https:\/\/residenceillago.ro\/wp-content\/uploads\/2017\/03\/web2017_05_IL_Lago_CatalinHladi-9050.jpg\",\"datePublished\":\"2017-03-21T10:25:52+00:00\",\"dateModified\":\"2023-10-11T09:52:46+00:00\",\"description\":\"Una camera per le persone disabili: questa camera \u00e8 arredata con un letto confortevole e un altro letto per l'accompagnatore\",\"breadcrumb\":{\"@id\":\"https:\/\/residenceillago.ro\/it\/camera-speciala\/#breadcrumb\"},\"inLanguage\":\"it-IT\",\"potentialAction\":[{\"@type\":\"ReadAction\",\"target\":[\"https:\/\/residenceillago.ro\/it\/camera-speciala\/\"]}]},{\"@type\":\"ImageObject\",\"inLanguage\":\"it-IT\",\"@id\":\"https:\/\/residenceillago.ro\/it\/camera-speciala\/#primaryimage\",\"url\":\"https:\/\/residenceillago.ro\/wp-content\/uploads\/2017\/03\/web2017_05_IL_Lago_CatalinHladi-9050.jpg\",\"contentUrl\":\"https:\/\/residenceillago.ro\/wp-content\/uploads\/2017\/03\/web2017_05_IL_Lago_CatalinHladi-9050.jpg\",\"width\":1250,\"height\":834,\"caption\":\"cazare Cluj, apartamente in regim hotelier cluj, apart hotel cluj, accomodation cluj\"},{\"@type\":\"BreadcrumbList\",\"@id\":\"https:\/\/residenceillago.ro\/it\/camera-speciala\/#breadcrumb\",\"itemListElement\":[{\"@type\":\"ListItem\",\"position\":1,\"name\":\"Home\",\"item\":\"https:\/\/residenceillago.ro\/it\/\"},{\"@type\":\"ListItem\",\"position\":2,\"name\":\"Camera per le persone disabili\"}]},{\"@type\":\"WebSite\",\"@id\":\"https:\/\/residenceillago.ro\/#website\",\"url\":\"https:\/\/residenceillago.ro\/\",\"name\":\"Residenceillago\",\"description\":\"Residenceillago\",\"potentialAction\":[{\"@type\":\"SearchAction\",\"target\":{\"@type\":\"EntryPoint\",\"urlTemplate\":\"https:\/\/residenceillago.ro\/?s={search_term_string}\"},\"query-input\":{\"@type\":\"PropertyValueSpecification\",\"valueRequired\":true,\"valueName\":\"search_term_string\"}}],\"inLanguage\":\"it-IT\"}]}<\/script>\n<!-- \/ Yoast SEO plugin. -->","yoast_head_json":{"title":"Camera per le persone disabili | RESIDENCE Il Lago, alloggio Cluj","description":"Una camera per le persone disabili: questa camera \u00e8 arredata con un letto confortevole e un altro letto per l'accompagnatore","robots":{"index":"index","follow":"follow","max-snippet":"max-snippet:-1","max-image-preview":"max-image-preview:large","max-video-preview":"max-video-preview:-1"},"canonical":"https:\/\/residenceillago.ro\/it\/camera-speciala\/","og_locale":"it_IT","og_type":"article","og_title":"Camera per le persone disabili | RESIDENCE Il Lago, alloggio Cluj","og_description":"Una camera per le persone disabili: questa camera \u00e8 arredata con un letto confortevole e un altro letto per l'accompagnatore","og_url":"https:\/\/residenceillago.ro\/it\/camera-speciala\/","og_site_name":"Residenceillago","article_publisher":"https:\/\/www.facebook.com\/RESIDENCEIlLago","article_modified_time":"2023-10-11T09:52:46+00:00","og_image":[{"width":1250,"height":834,"url":"https:\/\/residenceillago.ro\/wp-content\/uploads\/2017\/03\/web2017_05_IL_Lago_CatalinHladi-9050.jpg","type":"image\/jpeg"}],"twitter_card":"summary_large_image","twitter_site":"@RESIDENCEIlLago","schema":{"@context":"https:\/\/schema.org","@graph":[{"@type":"WebPage","@id":"https:\/\/residenceillago.ro\/it\/camera-speciala\/","url":"https:\/\/residenceillago.ro\/it\/camera-speciala\/","name":"Camera per le persone disabili | RESIDENCE Il Lago, alloggio Cluj","isPartOf":{"@id":"https:\/\/residenceillago.ro\/#website"},"primaryImageOfPage":{"@id":"https:\/\/residenceillago.ro\/it\/camera-speciala\/#primaryimage"},"image":{"@id":"https:\/\/residenceillago.ro\/it\/camera-speciala\/#primaryimage"},"thumbnailUrl":"https:\/\/residenceillago.ro\/wp-content\/uploads\/2017\/03\/web2017_05_IL_Lago_CatalinHladi-9050.jpg","datePublished":"2017-03-21T10:25:52+00:00","dateModified":"2023-10-11T09:52:46+00:00","description":"Una camera per le persone disabili: questa camera \u00e8 arredata con un letto confortevole e un altro letto per l'accompagnatore","breadcrumb":{"@id":"https:\/\/residenceillago.ro\/it\/camera-speciala\/#breadcrumb"},"inLanguage":"it-IT","potentialAction":[{"@type":"ReadAction","target":["https:\/\/residenceillago.ro\/it\/camera-speciala\/"]}]},{"@type":"ImageObject","inLanguage":"it-IT","@id":"https:\/\/residenceillago.ro\/it\/camera-speciala\/#primaryimage","url":"https:\/\/residenceillago.ro\/wp-content\/uploads\/2017\/03\/web2017_05_IL_Lago_CatalinHladi-9050.jpg","contentUrl":"https:\/\/residenceillago.ro\/wp-content\/uploads\/2017\/03\/web2017_05_IL_Lago_CatalinHladi-9050.jpg","width":1250,"height":834,"caption":"cazare Cluj, apartamente in regim hotelier cluj, apart hotel cluj, accomodation cluj"},{"@type":"BreadcrumbList","@id":"https:\/\/residenceillago.ro\/it\/camera-speciala\/#breadcrumb","itemListElement":[{"@type":"ListItem","position":1,"name":"Home","item":"https:\/\/residenceillago.ro\/it\/"},{"@type":"ListItem","position":2,"name":"Camera per le persone disabili"}]},{"@type":"WebSite","@id":"https:\/\/residenceillago.ro\/#website","url":"https:\/\/residenceillago.ro\/","name":"Residenceillago","description":"Residenceillago","potentialAction":[{"@type":"SearchAction","target":{"@type":"EntryPoint","urlTemplate":"https:\/\/residenceillago.ro\/?s={search_term_string}"},"query-input":{"@type":"PropertyValueSpecification","valueRequired":true,"valueName":"search_term_string"}}],"inLanguage":"it-IT"}]}},"_links":{"self":[{"href":"https:\/\/residenceillago.ro\/it\/wp-json\/wp\/v2\/pages\/641","targetHints":{"allow":["GET"]}}],"collection":[{"href":"https:\/\/residenceillago.ro\/it\/wp-json\/wp\/v2\/pages"}],"about":[{"href":"https:\/\/residenceillago.ro\/it\/wp-json\/wp\/v2\/types\/page"}],"author":[{"embeddable":true,"href":"https:\/\/residenceillago.ro\/it\/wp-json\/wp\/v2\/users\/5"}],"replies":[{"embeddable":true,"href":"https:\/\/residenceillago.ro\/it\/wp-json\/wp\/v2\/comments?post=641"}],"version-history":[{"count":9,"href":"https:\/\/residenceillago.ro\/it\/wp-json\/wp\/v2\/pages\/641\/revisions"}],"predecessor-version":[{"id":2085,"href":"https:\/\/residenceillago.ro\/it\/wp-json\/wp\/v2\/pages\/641\/revisions\/2085"}],"wp:featuredmedia":[{"embeddable":true,"href":"https:\/\/residenceillago.ro\/it\/wp-json\/wp\/v2\/media\/417"}],"wp:attachment":[{"href":"https:\/\/residenceillago.ro\/it\/wp-json\/wp\/v2\/media?parent=641"}],"curies":[{"name":"wp","href":"https:\/\/api.w.org\/{rel}","templated":true}]}}