{"id":667,"date":"2017-03-17T09:05:59","date_gmt":"2017-03-17T09:05:59","guid":{"rendered":"http:\/\/residenceillago.ro\/it\/camere\/"},"modified":"2018-12-17T08:16:15","modified_gmt":"2018-12-17T08:16:15","slug":"camere","status":"publish","type":"page","link":"https:\/\/residenceillago.ro\/it\/camere\/","title":{"rendered":"Camere"},"content":{"rendered":"<div id=\"pl-667\"  class=\"panel-layout\" ><div id=\"pg-667-0\"  class=\"panel-grid panel-no-style\" ><div id=\"pgc-667-0-0\"  class=\"panel-grid-cell\" ><div id=\"panel-667-0-0-0\" class=\"so-panel widget widget_sow-editor panel-first-child panel-last-child\" data-index=\"0\" ><div\n\t\t\t\n\t\t\tclass=\"so-widget-sow-editor so-widget-sow-editor-base\"\n\t\t\t\n\t\t>\n<div class=\"siteorigin-widget-tinymce textwidget\">\n\t<p class=\"western\" lang=\"it-IT\"><span style=\"font-size: large;\">Residence Il Lago \u00e8 la prima struttura in Cluj che affitta, nella stessa sede, non solo appartamenti ma anche 22 camere accogliente e luminose! In base alle vostre necessit\u00e0 potete scegliere tra camere standard, standard twin, superior (double, triple), suite, tutte disponibili sia per una che per due persone. Le persone con disabilit\u00e0 sono benvenute: abbiamo previsto una camera arredata \u00a0con tutto quello che occorre per un soggiorno piacevole!<\/span><\/p>\n<p class=\"western\" lang=\"it-IT\"><span style=\"font-size: large;\"><br \/> Abbiamo pensato anche al vostro comfort e sicurezza: l'accesso si fa da una strada privata, \u00a0entrata con cartella magnetica.In piu' avete a disposizione gratis il garage sotterraneo con video sorveglianza permanente, ascensore, cassaforte, aria condizionata e Wi Fi ad alta velocit\u00e0.<br \/> Facciamo servizio di pulizia ogni tre giorni (con cambio biancheria) e ripasso tutti i giorni.<br \/> Nella hall trovate un distributore di acqua, caff\u00e8, tea e merende varie dolci o salate, per avere a disposizione il minimo necessario in caso di bisogno.<br \/> Non dovete preoccuparvi neanche per aperitivi, pranzo o cena: avete accesso immediato, praticamente all'uscita della struttura, ad un intero piano di ristoranti o fast food del grande centro commerciale Iulius Mall.!<\/span><\/p>\n<p class=\"western\" lang=\"it-IT\"><span style=\"font-size: large;\"><br \/> Con cordialit\u00e0 e professionalit\u00e0 il nostro staff sar\u00e0 felice di rispondere a qualsiasi vostra domanda!<\/span><\/p>\n<\/div>\n<\/div><\/div><\/div><\/div><div id=\"pg-667-1\"  class=\"panel-grid panel-no-style\" ><div id=\"pgc-667-1-0\"  class=\"panel-grid-cell\" ><div id=\"panel-667-1-0-0\" class=\"so-panel widget widget_sow-editor panel-first-child\" data-index=\"1\" ><div\n\t\t\t\n\t\t\tclass=\"so-widget-sow-editor so-widget-sow-editor-base\"\n\t\t\t\n\t\t>\n<div class=\"siteorigin-widget-tinymce textwidget\">\n\t<p><a href=\"http:\/\/residenceillago.ro\/it\/camere-standard\/\"><div class=\"ich-prefix\">\r\n    <div class=\"row wcp-fgg-wrap\" style=\"width:auto;margin-left: -10px;margin-right: -10px;\">\r\n\r\n        \r\n\r\n                                <div class=\"col-1-1\" style=\"padding: 10px;\">\r\n                                    <div class=\"ih-item square effect6 from_top_and_bottom\">\r\n                        <div class=\"wcp-ih-inner\">\r\n                                                    <div class=\"img\">\r\n                                <img decoding=\"async\" src=\"https:\/\/residenceillago.ro\/wp-content\/uploads\/2017\/03\/camera-standard.jpg\" title=\"Standard\" alt=\"\" \/>                \r\n                            <\/div>\r\n                            <div class=\"info\" style=\"background-color: ;color:;\">\r\n                                <div >\r\n                                    <h3>Standard<\/h3>\r\n                                    <p style=\"text-align: justify;\">\r\n                                        <div class=\"tail_price\">From: 56 Euro<\/div>                                    <\/p>\r\n                                <\/div>\r\n                            <\/div>\r\n                        <\/div>\r\n                                            <\/div>\r\n                    \r\n                            <\/div>\r\n            \r\n            <\/div>\r\n    \r\n    <div class=\"clearfix\"><\/div>\r\n    \r\n<\/div><\/a><\/p>\n<\/div>\n<\/div><\/div><div id=\"panel-667-1-0-1\" class=\"so-panel widget widget_sow-editor\" data-index=\"2\" ><div\n\t\t\t\n\t\t\tclass=\"so-widget-sow-editor so-widget-sow-editor-base\"\n\t\t\t\n\t\t>\n<div class=\"siteorigin-widget-tinymce textwidget\">\n\t<p><a href=\"http:\/\/residenceillago.ro\/it\/camere-superioare-double\/\"><div class=\"ich-prefix\">\r\n    <div class=\"row wcp-fgg-wrap\" style=\"width:auto;margin-left: -10px;margin-right: -10px;\">\r\n\r\n        \r\n\r\n                                <div class=\"col-1-1\" style=\"padding: 10px;\">\r\n                                    <div class=\"ih-item square effect6 top_to_bottom\">\r\n                        <div class=\"wcp-ih-inner\">\r\n                                                    <div class=\"img\">\r\n                                <img decoding=\"async\" src=\"https:\/\/residenceillago.ro\/wp-content\/uploads\/2017\/03\/camera-superior.jpg\" title=\"Superioara Double\" alt=\"\" \/>                \r\n                            <\/div>\r\n                            <div class=\"info\" style=\"background-color: ;color:;\">\r\n                                <div >\r\n                                    <h3>Superioara Double<\/h3>\r\n                                    <p style=\"text-align: auto;\">\r\n                                        <div class=\"tail_price\">From: 64 Euro<\/div>                                    <\/p>\r\n                                <\/div>\r\n                            <\/div>\r\n                        <\/div>\r\n                                            <\/div>\r\n                    \r\n                            <\/div>\r\n            \r\n            <\/div>\r\n    \r\n    <div class=\"clearfix\"><\/div>\r\n    \r\n<\/div><\/a><\/p>\n<\/div>\n<\/div><\/div><div id=\"panel-667-1-0-2\" class=\"so-panel widget widget_sow-editor panel-last-child\" data-index=\"3\" ><div\n\t\t\t\n\t\t\tclass=\"so-widget-sow-editor so-widget-sow-editor-base\"\n\t\t\t\n\t\t>\n<div class=\"siteorigin-widget-tinymce textwidget\">\n\t<p><a href=\"http:\/\/residenceillago.ro\/it\/junior-suite\/\"><div class=\"ich-prefix\">\r\n    <div class=\"row wcp-fgg-wrap\" style=\"width:auto;margin-left: -10px;margin-right: -10px;\">\r\n\r\n        \r\n\r\n                                <div class=\"col-1-1\" style=\"padding: 10px;\">\r\n                                    <div class=\"ih-item square effect6 from_top_and_bottom\">\r\n                        <div class=\"wcp-ih-inner\">\r\n                                                    <div class=\"img\">\r\n                                <img decoding=\"async\" src=\"https:\/\/residenceillago.ro\/wp-content\/uploads\/2017\/03\/junior-suite.jpg\" title=\"Junior Suite\" alt=\"\" \/>                \r\n                            <\/div>\r\n                            <div class=\"info\" style=\"background-color: ;color:;\">\r\n                                <div >\r\n                                    <h3>Junior Suite<\/h3>\r\n                                    <p style=\"text-align: justify;\">\r\n                                        <div class=\"tail_price\">From: 72 Euro<\/div>                                    <\/p>\r\n                                <\/div>\r\n                            <\/div>\r\n                        <\/div>\r\n                                            <\/div>\r\n                    \r\n                            <\/div>\r\n            \r\n            <\/div>\r\n    \r\n    <div class=\"clearfix\"><\/div>\r\n    \r\n<\/div><\/a><\/p>\n<\/div>\n<\/div><\/div><\/div><div id=\"pgc-667-1-1\"  class=\"panel-grid-cell\" ><div id=\"panel-667-1-1-0\" class=\"so-panel widget widget_sow-editor panel-first-child\" data-index=\"4\" ><div\n\t\t\t\n\t\t\tclass=\"so-widget-sow-editor so-widget-sow-editor-base\"\n\t\t\t\n\t\t>\n<div class=\"siteorigin-widget-tinymce textwidget\">\n\t<p><a href=\"https:\/\/residenceillago.ro\/it\/camere-standard-con-balcone\/\"><div class=\"ich-prefix\">\r\n    <div class=\"row wcp-fgg-wrap\" style=\"width:auto;margin-left: -10px;margin-right: -10px;\">\r\n\r\n        \r\n\r\n                                <div class=\"col-1-1\" style=\"padding: 10px;\">\r\n                                    <div class=\"ih-item square effect6 from_top_and_bottom\">\r\n                        <div class=\"wcp-ih-inner\">\r\n                                                    <div class=\"img\">\r\n                                <img decoding=\"async\" src=\"https:\/\/residenceillago.ro\/wp-content\/uploads\/2018\/12\/camere-standard-cu-balcon.jpg\" title=\"Camere Standard con balcone\" alt=\"\" \/>                \r\n                            <\/div>\r\n                            <div class=\"info\" style=\"background-color: ;color:;\">\r\n                                <div >\r\n                                    <h3>Camere Standard con balcone<\/h3>\r\n                                    <p style=\"text-align: auto;\">\r\n                                        <div class=\"tail_price\">From: 60 Euro<\/div>                                    <\/p>\r\n                                <\/div>\r\n                            <\/div>\r\n                        <\/div>\r\n                                            <\/div>\r\n                    \r\n                            <\/div>\r\n            \r\n            <\/div>\r\n    \r\n    <div class=\"clearfix\"><\/div>\r\n    \r\n<\/div><\/a><\/p>\n<\/div>\n<\/div><\/div><div id=\"panel-667-1-1-1\" class=\"so-panel widget widget_sow-editor\" data-index=\"5\" ><div\n\t\t\t\n\t\t\tclass=\"so-widget-sow-editor so-widget-sow-editor-base\"\n\t\t\t\n\t\t>\n<div class=\"siteorigin-widget-tinymce textwidget\">\n\t<p><a href=\"http:\/\/residenceillago.ro\/it\/camere-superioare-triple\/\"><div class=\"ich-prefix\">\r\n    <div class=\"row wcp-fgg-wrap\" style=\"width:auto;margin-left: -10px;margin-right: -10px;\">\r\n\r\n        \r\n\r\n                                <div class=\"col-1-1\" style=\"padding: 10px;\">\r\n                                    <div class=\"ih-item square effect6 top_to_bottom\">\r\n                        <div class=\"wcp-ih-inner\">\r\n                                                    <div class=\"img\">\r\n                                <img decoding=\"async\" src=\"https:\/\/residenceillago.ro\/wp-content\/uploads\/2017\/03\/camera-superior.jpg\" title=\"Superioara Triple\" alt=\"\" \/>                \r\n                            <\/div>\r\n                            <div class=\"info\" style=\"background-color: ;color:;\">\r\n                                <div >\r\n                                    <h3>Superioara Triple<\/h3>\r\n                                    <p style=\"text-align: auto;\">\r\n                                        <div class=\"tail_price\">From: 66 Euro<\/div>                                    <\/p>\r\n                                <\/div>\r\n                            <\/div>\r\n                        <\/div>\r\n                                            <\/div>\r\n                    \r\n                            <\/div>\r\n            \r\n            <\/div>\r\n    \r\n    <div class=\"clearfix\"><\/div>\r\n    \r\n<\/div><\/a><\/p>\n<\/div>\n<\/div><\/div><div id=\"panel-667-1-1-2\" class=\"so-panel widget widget_sow-editor panel-last-child\" data-index=\"6\" ><div\n\t\t\t\n\t\t\tclass=\"so-widget-sow-editor so-widget-sow-editor-base\"\n\t\t\t\n\t\t>\n<div class=\"siteorigin-widget-tinymce textwidget\">\n\t<p><a href=\"http:\/\/residenceillago.ro\/it\/camera-speciala\/\"><div class=\"ich-prefix\">\r\n    <div class=\"row wcp-fgg-wrap\" style=\"width:auto;margin-left: -10px;margin-right: -10px;\">\r\n\r\n        \r\n\r\n                                <div class=\"col-1-1\" style=\"padding: 10px;\">\r\n                                    <div class=\"ih-item square effect6 from_top_and_bottom\">\r\n                        <div class=\"wcp-ih-inner\">\r\n                                                    <div class=\"img\">\r\n                                <img decoding=\"async\" src=\"https:\/\/residenceillago.ro\/wp-content\/uploads\/2017\/03\/dizabilitati.jpg\" title=\"Room for guests with disabilities\" alt=\"\" \/>                \r\n                            <\/div>\r\n                            <div class=\"info\" style=\"background-color: ;color:;\">\r\n                                <div >\r\n                                    <h3>Room for guests with disabilities<\/h3>\r\n                                    <p style=\"text-align: justify;\">\r\n                                        <div class=\"tail_price\">From: 54 Euro<\/div>                                    <\/p>\r\n                                <\/div>\r\n                            <\/div>\r\n                        <\/div>\r\n                                            <\/div>\r\n                    \r\n                            <\/div>\r\n            \r\n            <\/div>\r\n    \r\n    <div class=\"clearfix\"><\/div>\r\n    \r\n<\/div><\/a><\/p>\n<\/div>\n<\/div><\/div><\/div><\/div><\/div>","protected":false},"excerpt":{"rendered":"<p>Residence Il Lago \u00e8 la prima struttura in Cluj che affitta, nella stessa sede, non solo appartamenti ma anche 22 camere accogliente e luminose! In base alle vostre necessit\u00e0 potete scegliere tra camere standard, standard twin, superior (double, triple), suite, tutte disponibili sia per una che per due persone. Le persone con disabilit\u00e0 sono benvenute: [&hellip;]<\/p>\n","protected":false},"author":5,"featured_media":0,"parent":0,"menu_order":0,"comment_status":"closed","ping_status":"closed","template":"page-fullwidth.php","meta":{"_acf_changed":false,"footnotes":""},"class_list":["post-667","page","type-page","status-publish","hentry"],"acf":[],"yoast_head":"<!-- This site is optimized with the Yoast SEO plugin v27.0 - https:\/\/yoast.com\/product\/yoast-seo-wordpress\/ -->\n<title>Camere | Residenceillago<\/title>\n<meta name=\"robots\" content=\"index, follow, max-snippet:-1, max-image-preview:large, max-video-preview:-1\" \/>\n<link rel=\"canonical\" href=\"https:\/\/residenceillago.ro\/it\/camere\/\" \/>\n<meta property=\"og:locale\" content=\"it_IT\" \/>\n<meta property=\"og:type\" content=\"article\" \/>\n<meta property=\"og:title\" content=\"Camere | Residenceillago\" \/>\n<meta property=\"og:description\" content=\"Residence Il Lago \u00e8 la prima struttura in Cluj che affitta, nella stessa sede, non solo appartamenti ma anche 22 camere accogliente e luminose! In base alle vostre necessit\u00e0 potete scegliere tra camere standard, standard twin, superior (double, triple), suite, tutte disponibili sia per una che per due persone. Le persone con disabilit\u00e0 sono benvenute: [&hellip;]\" \/>\n<meta property=\"og:url\" content=\"https:\/\/residenceillago.ro\/it\/camere\/\" \/>\n<meta property=\"og:site_name\" content=\"Residenceillago\" \/>\n<meta property=\"article:publisher\" content=\"https:\/\/www.facebook.com\/RESIDENCEIlLago\" \/>\n<meta property=\"article:modified_time\" content=\"2018-12-17T08:16:15+00:00\" \/>\n<meta property=\"og:image\" content=\"https:\/\/residenceillago.ro\/wp-content\/uploads\/2017\/03\/camera-standard.jpg\" \/>\n<meta name=\"twitter:card\" content=\"summary_large_image\" \/>\n<meta name=\"twitter:site\" content=\"@RESIDENCEIlLago\" \/>\n<meta name=\"twitter:label1\" content=\"Est. reading time\" \/>\n\t<meta name=\"twitter:data1\" content=\"1 minute\" \/>\n<script type=\"application\/ld+json\" class=\"yoast-schema-graph\">{\"@context\":\"https:\/\/schema.org\",\"@graph\":[{\"@type\":\"WebPage\",\"@id\":\"https:\/\/residenceillago.ro\/it\/camere\/\",\"url\":\"https:\/\/residenceillago.ro\/it\/camere\/\",\"name\":\"Camere | Residenceillago\",\"isPartOf\":{\"@id\":\"https:\/\/residenceillago.ro\/#website\"},\"primaryImageOfPage\":{\"@id\":\"https:\/\/residenceillago.ro\/it\/camere\/#primaryimage\"},\"image\":{\"@id\":\"https:\/\/residenceillago.ro\/it\/camere\/#primaryimage\"},\"thumbnailUrl\":\"https:\/\/residenceillago.ro\/wp-content\/uploads\/2017\/03\/camera-standard.jpg\",\"datePublished\":\"2017-03-17T09:05:59+00:00\",\"dateModified\":\"2018-12-17T08:16:15+00:00\",\"breadcrumb\":{\"@id\":\"https:\/\/residenceillago.ro\/it\/camere\/#breadcrumb\"},\"inLanguage\":\"it-IT\",\"potentialAction\":[{\"@type\":\"ReadAction\",\"target\":[\"https:\/\/residenceillago.ro\/it\/camere\/\"]}]},{\"@type\":\"ImageObject\",\"inLanguage\":\"it-IT\",\"@id\":\"https:\/\/residenceillago.ro\/it\/camere\/#primaryimage\",\"url\":\"https:\/\/residenceillago.ro\/wp-content\/uploads\/2017\/03\/camera-standard.jpg\",\"contentUrl\":\"https:\/\/residenceillago.ro\/wp-content\/uploads\/2017\/03\/camera-standard.jpg\"},{\"@type\":\"BreadcrumbList\",\"@id\":\"https:\/\/residenceillago.ro\/it\/camere\/#breadcrumb\",\"itemListElement\":[{\"@type\":\"ListItem\",\"position\":1,\"name\":\"Home\",\"item\":\"https:\/\/residenceillago.ro\/it\/\"},{\"@type\":\"ListItem\",\"position\":2,\"name\":\"Camere\"}]},{\"@type\":\"WebSite\",\"@id\":\"https:\/\/residenceillago.ro\/#website\",\"url\":\"https:\/\/residenceillago.ro\/\",\"name\":\"Residenceillago\",\"description\":\"Residenceillago\",\"potentialAction\":[{\"@type\":\"SearchAction\",\"target\":{\"@type\":\"EntryPoint\",\"urlTemplate\":\"https:\/\/residenceillago.ro\/?s={search_term_string}\"},\"query-input\":{\"@type\":\"PropertyValueSpecification\",\"valueRequired\":true,\"valueName\":\"search_term_string\"}}],\"inLanguage\":\"it-IT\"}]}<\/script>\n<!-- \/ Yoast SEO plugin. -->","yoast_head_json":{"title":"Camere | Residenceillago","robots":{"index":"index","follow":"follow","max-snippet":"max-snippet:-1","max-image-preview":"max-image-preview:large","max-video-preview":"max-video-preview:-1"},"canonical":"https:\/\/residenceillago.ro\/it\/camere\/","og_locale":"it_IT","og_type":"article","og_title":"Camere | Residenceillago","og_description":"Residence Il Lago \u00e8 la prima struttura in Cluj che affitta, nella stessa sede, non solo appartamenti ma anche 22 camere accogliente e luminose! In base alle vostre necessit\u00e0 potete scegliere tra camere standard, standard twin, superior (double, triple), suite, tutte disponibili sia per una che per due persone. Le persone con disabilit\u00e0 sono benvenute: [&hellip;]","og_url":"https:\/\/residenceillago.ro\/it\/camere\/","og_site_name":"Residenceillago","article_publisher":"https:\/\/www.facebook.com\/RESIDENCEIlLago","article_modified_time":"2018-12-17T08:16:15+00:00","og_image":[{"url":"https:\/\/residenceillago.ro\/wp-content\/uploads\/2017\/03\/camera-standard.jpg","type":"","width":"","height":""}],"twitter_card":"summary_large_image","twitter_site":"@RESIDENCEIlLago","twitter_misc":{"Est. reading time":"1 minute"},"schema":{"@context":"https:\/\/schema.org","@graph":[{"@type":"WebPage","@id":"https:\/\/residenceillago.ro\/it\/camere\/","url":"https:\/\/residenceillago.ro\/it\/camere\/","name":"Camere | Residenceillago","isPartOf":{"@id":"https:\/\/residenceillago.ro\/#website"},"primaryImageOfPage":{"@id":"https:\/\/residenceillago.ro\/it\/camere\/#primaryimage"},"image":{"@id":"https:\/\/residenceillago.ro\/it\/camere\/#primaryimage"},"thumbnailUrl":"https:\/\/residenceillago.ro\/wp-content\/uploads\/2017\/03\/camera-standard.jpg","datePublished":"2017-03-17T09:05:59+00:00","dateModified":"2018-12-17T08:16:15+00:00","breadcrumb":{"@id":"https:\/\/residenceillago.ro\/it\/camere\/#breadcrumb"},"inLanguage":"it-IT","potentialAction":[{"@type":"ReadAction","target":["https:\/\/residenceillago.ro\/it\/camere\/"]}]},{"@type":"ImageObject","inLanguage":"it-IT","@id":"https:\/\/residenceillago.ro\/it\/camere\/#primaryimage","url":"https:\/\/residenceillago.ro\/wp-content\/uploads\/2017\/03\/camera-standard.jpg","contentUrl":"https:\/\/residenceillago.ro\/wp-content\/uploads\/2017\/03\/camera-standard.jpg"},{"@type":"BreadcrumbList","@id":"https:\/\/residenceillago.ro\/it\/camere\/#breadcrumb","itemListElement":[{"@type":"ListItem","position":1,"name":"Home","item":"https:\/\/residenceillago.ro\/it\/"},{"@type":"ListItem","position":2,"name":"Camere"}]},{"@type":"WebSite","@id":"https:\/\/residenceillago.ro\/#website","url":"https:\/\/residenceillago.ro\/","name":"Residenceillago","description":"Residenceillago","potentialAction":[{"@type":"SearchAction","target":{"@type":"EntryPoint","urlTemplate":"https:\/\/residenceillago.ro\/?s={search_term_string}"},"query-input":{"@type":"PropertyValueSpecification","valueRequired":true,"valueName":"search_term_string"}}],"inLanguage":"it-IT"}]}},"_links":{"self":[{"href":"https:\/\/residenceillago.ro\/it\/wp-json\/wp\/v2\/pages\/667","targetHints":{"allow":["GET"]}}],"collection":[{"href":"https:\/\/residenceillago.ro\/it\/wp-json\/wp\/v2\/pages"}],"about":[{"href":"https:\/\/residenceillago.ro\/it\/wp-json\/wp\/v2\/types\/page"}],"author":[{"embeddable":true,"href":"https:\/\/residenceillago.ro\/it\/wp-json\/wp\/v2\/users\/5"}],"replies":[{"embeddable":true,"href":"https:\/\/residenceillago.ro\/it\/wp-json\/wp\/v2\/comments?post=667"}],"version-history":[{"count":14,"href":"https:\/\/residenceillago.ro\/it\/wp-json\/wp\/v2\/pages\/667\/revisions"}],"predecessor-version":[{"id":1862,"href":"https:\/\/residenceillago.ro\/it\/wp-json\/wp\/v2\/pages\/667\/revisions\/1862"}],"wp:attachment":[{"href":"https:\/\/residenceillago.ro\/it\/wp-json\/wp\/v2\/media?parent=667"}],"curies":[{"name":"wp","href":"https:\/\/api.w.org\/{rel}","templated":true}]}}