{"id":673,"date":"2017-05-30T05:44:09","date_gmt":"2017-05-30T05:44:09","guid":{"rendered":"http:\/\/residenceillago.ro\/it\/ce-poti-face-la-cluj\/"},"modified":"2018-02-27T06:40:10","modified_gmt":"2018-02-27T06:40:10","slug":"ce-poti-face-la-cluj","status":"publish","type":"page","link":"https:\/\/residenceillago.ro\/it\/ce-poti-face-la-cluj\/","title":{"rendered":"Cosa puoi fare a Cluj?"},"content":{"rendered":"<p><strong>Piazza dell&#8217;Unit\u00e0 <\/strong><\/p>\n<p>Il cuore di Cluj Napoca \u00e8 la Piazza dell&#8217;Unit\u00e0 &#8211; kilometro zero. E&#8217; una delle pi\u00f9 vecchie piazze medioevale tra le citt\u00e0 di est e centro Europa, con dei bellissimi palazzi (neo) renascentisti, barocchi ed eclettici. Nel centro della piazza si trova la catedrale gotica San Michele e la statua di Mattia Corvin. Questo \u00e8 il luogo preferito dalla gente del posto per passare momenti rillassanti coi amici, in un&#8217;atmosfera informale, approffitando dei numerosi bar, terazze e ristorantini.<\/p>\n<p><em>Distanza da RESIDENCE Il Lago: 10 minuti ( taxi ).<\/em><\/p>\n<p lang=\"ro-RO\"><span style=\"font-family: 'Times New Roman', serif;\"><img loading=\"lazy\" decoding=\"async\" class=\"aligncenter size-medium wp-image-519\" src=\"https:\/\/residenceillago.ro\/wp-content\/uploads\/2017\/05\/unnamed-300x269.jpg\" alt=\"\" width=\"300\" height=\"269\" srcset=\"https:\/\/residenceillago.ro\/wp-content\/uploads\/2017\/05\/unnamed-300x269.jpg 300w, https:\/\/residenceillago.ro\/wp-content\/uploads\/2017\/05\/unnamed-600x537.jpg 600w, https:\/\/residenceillago.ro\/wp-content\/uploads\/2017\/05\/unnamed-500x448.jpg 500w, https:\/\/residenceillago.ro\/wp-content\/uploads\/2017\/05\/unnamed.jpg 670w\" sizes=\"auto, (max-width: 300px) 100vw, 300px\" \/><\/span><\/p>\n<p class=\"Standard\"><b><span style=\"font-family: 'Times New Roman',serif;\">Giardino Botanico<\/span><\/b><\/p>\n<p>Il Giardino Botanico \u201eAlexandro Borza\u201d di Cluj Napoca, aperta al\u00a0<span style=\"font-family: 'Times New Roman', serif;\">publico dal 1925, \u00e8 uno dei pi\u00f9 vasti e belli di Europa. Su una superficie de circa 14 ettari, ha una collezione di piante spettacolari\u00a0 (11 000 specie) da tutti i continenti. Annualmente \u00e8 visitata da pi\u00f9 di 150 000 persone.\u00a0<\/span><\/p>\n<p><em>Distanza da RESIDENCE Il Lago: 10 minuti ( taxi ).<\/em><\/p>\n<p><span style=\"font-family: 'Times New Roman', serif;\"><img loading=\"lazy\" decoding=\"async\" class=\"aligncenter size-medium wp-image-528\" src=\"https:\/\/residenceillago.ro\/wp-content\/uploads\/2017\/05\/18136938_1617084948319174_839613782_n-225x300.jpg\" alt=\"\" width=\"225\" height=\"300\" srcset=\"https:\/\/residenceillago.ro\/wp-content\/uploads\/2017\/05\/18136938_1617084948319174_839613782_n-225x300.jpg 225w, https:\/\/residenceillago.ro\/wp-content\/uploads\/2017\/05\/18136938_1617084948319174_839613782_n.jpg 480w\" sizes=\"auto, (max-width: 225px) 100vw, 225px\" \/><\/span><\/p>\n<p class=\"Standard\"><b><span style=\"font-family: 'Times New Roman',serif;\">Teatro Nazionale -Opera Romena \/ Cattedrale Ortodossa<\/span><\/b><\/p>\n<p lang=\"ro-RO\">Costruitto tra 1904 -1906 il Teatro Nazionale di Cluj \u00e8 uno dei piu preggiati monumenti architetturali della citt\u00e0. Davanti si trova la Cattedraledrale Mitropolitana Ortodossa, la terza come grandezza dalla Romania, costruita nel 1920 in stile neobizantino.<\/p>\n<p><em>Diastanza dall\u2019Residence Il lago: 5 minuti in macchina <\/em><\/p>\n<p lang=\"ro-RO\"><span style=\"font-family: 'Times New Roman', serif;\"><br \/>\n<img loading=\"lazy\" decoding=\"async\" class=\"aligncenter size-medium wp-image-532\" src=\"https:\/\/residenceillago.ro\/wp-content\/uploads\/2017\/05\/18254342_1696744717020989_1857395240_n-1-300x169.jpg\" alt=\"\" width=\"300\" height=\"169\" srcset=\"https:\/\/residenceillago.ro\/wp-content\/uploads\/2017\/05\/18254342_1696744717020989_1857395240_n-1-300x169.jpg 300w, https:\/\/residenceillago.ro\/wp-content\/uploads\/2017\/05\/18254342_1696744717020989_1857395240_n-1-600x338.jpg 600w, https:\/\/residenceillago.ro\/wp-content\/uploads\/2017\/05\/18254342_1696744717020989_1857395240_n-1-500x281.jpg 500w, https:\/\/residenceillago.ro\/wp-content\/uploads\/2017\/05\/18254342_1696744717020989_1857395240_n-1.jpg 720w\" sizes=\"auto, (max-width: 300px) 100vw, 300px\" \/><\/span><\/p>\n<p><strong>Cluj Arena<\/strong><\/p>\n<p class=\"Standard\"><span style=\"font-family: 'Times New Roman',serif;\">Con una capacit\u00e0 di 30.000 posti, lo stadio ARENA (classificato UEFA Elite Stadium), \u00e8 stato costruito nel 2011, vicino al Parco Centrale. Qui si possono vedere non solo le partite di calcio ma anche importanti spettacoli musicali o sportivi. Per esempio, quest\u2019anno al festival Untold, sono stati presenti circa 400.000 persone da tutto il mondo!<\/span><\/p>\n<p><em>Distanza dall\u2019Residence Il Lago<\/em><em>:<\/em><em> 10 minuti in macchina.<\/em><\/p>\n<p lang=\"ro-RO\"><span style=\"font-family: 'Times New Roman', serif;\"><br \/>\n<img loading=\"lazy\" decoding=\"async\" class=\"aligncenter size-medium wp-image-536\" src=\"https:\/\/residenceillago.ro\/wp-content\/uploads\/2017\/05\/hgfsdfh-200x300.jpg\" alt=\"\" width=\"200\" height=\"300\" srcset=\"https:\/\/residenceillago.ro\/wp-content\/uploads\/2017\/05\/hgfsdfh-200x300.jpg 200w, https:\/\/residenceillago.ro\/wp-content\/uploads\/2017\/05\/hgfsdfh.jpg 400w\" sizes=\"auto, (max-width: 200px) 100vw, 200px\" \/><\/span><\/p>\n<p><strong>Cetatuia<\/strong><\/p>\n<p>Non puoi passare da Cluj e non visitare Cet\u0103\u021buia (La Fortezza), punto panoramico, una fortificazione costruita nel periodo habsburgico (primo periodo del 18-esimo secolo), sulla riva sinistra del fiume Some\u0219. Nella terazza La Pergolla puoi prendere un buon caff\u00e8 mentre la citt\u00e0 si stende ai tuoi piedi&#8230;<\/p>\n<p><em>Diastanza dall\u2019Residence Il lago: 10 minuti in macchina.<\/em><\/p>\n<p lang=\"ro-RO\"><span style=\"font-family: 'Times New Roman', serif;\"><br \/>\n<img loading=\"lazy\" decoding=\"async\" class=\"aligncenter size-medium wp-image-538\" src=\"https:\/\/residenceillago.ro\/wp-content\/uploads\/2017\/05\/gnjhgj-300x169.jpg\" alt=\"\" width=\"300\" height=\"169\" srcset=\"https:\/\/residenceillago.ro\/wp-content\/uploads\/2017\/05\/gnjhgj-300x169.jpg 300w, https:\/\/residenceillago.ro\/wp-content\/uploads\/2017\/05\/gnjhgj-600x338.jpg 600w, https:\/\/residenceillago.ro\/wp-content\/uploads\/2017\/05\/gnjhgj-768x432.jpg 768w, https:\/\/residenceillago.ro\/wp-content\/uploads\/2017\/05\/gnjhgj-1024x576.jpg 1024w, https:\/\/residenceillago.ro\/wp-content\/uploads\/2017\/05\/gnjhgj-500x281.jpg 500w, https:\/\/residenceillago.ro\/wp-content\/uploads\/2017\/05\/gnjhgj.jpg 1600w\" sizes=\"auto, (max-width: 300px) 100vw, 300px\" \/><\/span><\/p>\n<p><strong>Salina Turda<\/strong><\/p>\n<p>L\u2019obbiettivo turistico pi\u00f9 visitato in assoluto dalla Romania! (l\u2019anno scorso oltre 600.000 visitatori). Salina Turda \u00e8 una delle pi\u00f9 grandi e vecchie miniere di sale, sfruttata dai tempi dei romani. Chiamata anche \u2018Il paradiso sotterraneo\u2019, \u00e8 stata modernizzata nei anni 2008 &#8211; 2010, offrendo ai turisti uno spettacolare parco di divertimento.\u00a0 WWW.businessinsinsider.com classifica questo posto al numero 22 tra le pi\u00f9 spettacolare cose da visitare nel mondo!<\/p>\n<p><em>Distanza dal\u2019Residence Il Lago<\/em><em>: 40 minuti macchina.<\/em><\/p>\n<p lang=\"ro-RO\"><span style=\"font-family: 'Times New Roman', serif;\"><br \/>\n<img loading=\"lazy\" decoding=\"async\" class=\"aligncenter size-medium wp-image-540\" src=\"https:\/\/residenceillago.ro\/wp-content\/uploads\/2017\/05\/18072737_1681537091862713_2047758856_n-225x300.jpg\" alt=\"\" width=\"225\" height=\"300\" srcset=\"https:\/\/residenceillago.ro\/wp-content\/uploads\/2017\/05\/18072737_1681537091862713_2047758856_n-225x300.jpg 225w, https:\/\/residenceillago.ro\/wp-content\/uploads\/2017\/05\/18072737_1681537091862713_2047758856_n-600x800.jpg 600w, https:\/\/residenceillago.ro\/wp-content\/uploads\/2017\/05\/18072737_1681537091862713_2047758856_n-500x667.jpg 500w, https:\/\/residenceillago.ro\/wp-content\/uploads\/2017\/05\/18072737_1681537091862713_2047758856_n.jpg 720w\" sizes=\"auto, (max-width: 225px) 100vw, 225px\" \/><\/span><\/p>\n<p><strong>Cheile Turzii<\/strong><\/p>\n<p>Reserva naturale inclusa nel patrimonio dell\u2019umanit\u00e0 UNESCO, le montagne Cheile Turzii si trovano vicino a Turda. L\u2019aerea \u00e8 protetta, qui vivono nel habitat naturale animali selvatici come cinghiali, volpi, lepri , pi\u00f9 di 67 specie di uccelli e pi\u00f9 di 100 specie di piante e fiori, certe uniche al mondo (tipo bucaneve viola).<\/p>\n<p>La belezza selavaggia del posto, con dolci coline e montagne rocciose, con il ruscello Hasdate e grote misteriose , creano emozioni nel cuore e anima. Oltre, qua si possono fare anche dei sport estremi : arrampicata libera, parapendio, bike race o race croce running!<\/p>\n<p><em>Distanza dal\u2019Residence Il Lago<\/em><em>: 50 minuti macchina.<\/em><\/p>\n<p lang=\"ro-RO\"><span style=\"font-family: 'Times New Roman', serif;\"><br \/>\n<img loading=\"lazy\" decoding=\"async\" class=\"aligncenter size-medium wp-image-542\" src=\"https:\/\/residenceillago.ro\/wp-content\/uploads\/2017\/05\/ch-204x300.jpg\" alt=\"\" width=\"204\" height=\"300\" srcset=\"https:\/\/residenceillago.ro\/wp-content\/uploads\/2017\/05\/ch-204x300.jpg 204w, https:\/\/residenceillago.ro\/wp-content\/uploads\/2017\/05\/ch-600x881.jpg 600w, https:\/\/residenceillago.ro\/wp-content\/uploads\/2017\/05\/ch-500x734.jpg 500w, https:\/\/residenceillago.ro\/wp-content\/uploads\/2017\/05\/ch.jpg 635w\" sizes=\"auto, (max-width: 204px) 100vw, 204px\" \/><\/span><\/p>\n<p style=\"text-align: center;\">\n","protected":false},"excerpt":{"rendered":"<p>Piazza dell&#8217;Unit\u00e0 Il cuore di Cluj Napoca \u00e8 la Piazza dell&#8217;Unit\u00e0 &#8211; kilometro zero. E&#8217; una delle pi\u00f9 vecchie piazze medioevale tra le citt\u00e0 di est e centro Europa, con dei bellissimi palazzi (neo) renascentisti, barocchi ed eclettici. Nel centro della piazza si trova la catedrale gotica San Michele e la statua di Mattia Corvin. [&hellip;]<\/p>\n","protected":false},"author":1,"featured_media":0,"parent":0,"menu_order":0,"comment_status":"closed","ping_status":"closed","template":"page-fullwidth.php","meta":{"_acf_changed":false,"footnotes":""},"class_list":["post-673","page","type-page","status-publish","hentry"],"acf":[],"yoast_head":"<!-- This site is optimized with the Yoast SEO plugin v27.0 - https:\/\/yoast.com\/product\/yoast-seo-wordpress\/ -->\n<title>Cosa puoi fare a Cluj? | Residenceillago<\/title>\n<meta name=\"robots\" content=\"index, follow, max-snippet:-1, max-image-preview:large, max-video-preview:-1\" \/>\n<link rel=\"canonical\" href=\"https:\/\/residenceillago.ro\/it\/ce-poti-face-la-cluj\/\" \/>\n<meta property=\"og:locale\" content=\"it_IT\" \/>\n<meta property=\"og:type\" content=\"article\" \/>\n<meta property=\"og:title\" content=\"Cosa puoi fare a Cluj? | Residenceillago\" \/>\n<meta property=\"og:description\" content=\"Piazza dell&#8217;Unit\u00e0 Il cuore di Cluj Napoca \u00e8 la Piazza dell&#8217;Unit\u00e0 &#8211; kilometro zero. E&#8217; una delle pi\u00f9 vecchie piazze medioevale tra le citt\u00e0 di est e centro Europa, con dei bellissimi palazzi (neo) renascentisti, barocchi ed eclettici. Nel centro della piazza si trova la catedrale gotica San Michele e la statua di Mattia Corvin. [&hellip;]\" \/>\n<meta property=\"og:url\" content=\"https:\/\/residenceillago.ro\/it\/ce-poti-face-la-cluj\/\" \/>\n<meta property=\"og:site_name\" content=\"Residenceillago\" \/>\n<meta property=\"article:publisher\" content=\"https:\/\/www.facebook.com\/RESIDENCEIlLago\" \/>\n<meta property=\"article:modified_time\" content=\"2018-02-27T06:40:10+00:00\" \/>\n<meta property=\"og:image\" content=\"https:\/\/residenceillago.ro\/wp-content\/uploads\/2017\/05\/unnamed-300x269.jpg\" \/>\n<meta name=\"twitter:card\" content=\"summary_large_image\" \/>\n<meta name=\"twitter:site\" content=\"@RESIDENCEIlLago\" \/>\n<meta name=\"twitter:label1\" content=\"Est. reading time\" \/>\n\t<meta name=\"twitter:data1\" content=\"2 minutes\" \/>\n<script type=\"application\/ld+json\" class=\"yoast-schema-graph\">{\"@context\":\"https:\/\/schema.org\",\"@graph\":[{\"@type\":\"WebPage\",\"@id\":\"https:\/\/residenceillago.ro\/it\/ce-poti-face-la-cluj\/\",\"url\":\"https:\/\/residenceillago.ro\/it\/ce-poti-face-la-cluj\/\",\"name\":\"Cosa puoi fare a Cluj? | Residenceillago\",\"isPartOf\":{\"@id\":\"https:\/\/residenceillago.ro\/#website\"},\"primaryImageOfPage\":{\"@id\":\"https:\/\/residenceillago.ro\/it\/ce-poti-face-la-cluj\/#primaryimage\"},\"image\":{\"@id\":\"https:\/\/residenceillago.ro\/it\/ce-poti-face-la-cluj\/#primaryimage\"},\"thumbnailUrl\":\"https:\/\/residenceillago.ro\/wp-content\/uploads\/2017\/05\/unnamed-300x269.jpg\",\"datePublished\":\"2017-05-30T05:44:09+00:00\",\"dateModified\":\"2018-02-27T06:40:10+00:00\",\"breadcrumb\":{\"@id\":\"https:\/\/residenceillago.ro\/it\/ce-poti-face-la-cluj\/#breadcrumb\"},\"inLanguage\":\"it-IT\",\"potentialAction\":[{\"@type\":\"ReadAction\",\"target\":[\"https:\/\/residenceillago.ro\/it\/ce-poti-face-la-cluj\/\"]}]},{\"@type\":\"ImageObject\",\"inLanguage\":\"it-IT\",\"@id\":\"https:\/\/residenceillago.ro\/it\/ce-poti-face-la-cluj\/#primaryimage\",\"url\":\"https:\/\/residenceillago.ro\/wp-content\/uploads\/2017\/05\/unnamed-300x269.jpg\",\"contentUrl\":\"https:\/\/residenceillago.ro\/wp-content\/uploads\/2017\/05\/unnamed-300x269.jpg\"},{\"@type\":\"BreadcrumbList\",\"@id\":\"https:\/\/residenceillago.ro\/it\/ce-poti-face-la-cluj\/#breadcrumb\",\"itemListElement\":[{\"@type\":\"ListItem\",\"position\":1,\"name\":\"Home\",\"item\":\"https:\/\/residenceillago.ro\/it\/\"},{\"@type\":\"ListItem\",\"position\":2,\"name\":\"Cosa puoi fare a Cluj?\"}]},{\"@type\":\"WebSite\",\"@id\":\"https:\/\/residenceillago.ro\/#website\",\"url\":\"https:\/\/residenceillago.ro\/\",\"name\":\"Residenceillago\",\"description\":\"Residenceillago\",\"potentialAction\":[{\"@type\":\"SearchAction\",\"target\":{\"@type\":\"EntryPoint\",\"urlTemplate\":\"https:\/\/residenceillago.ro\/?s={search_term_string}\"},\"query-input\":{\"@type\":\"PropertyValueSpecification\",\"valueRequired\":true,\"valueName\":\"search_term_string\"}}],\"inLanguage\":\"it-IT\"}]}<\/script>\n<!-- \/ Yoast SEO plugin. -->","yoast_head_json":{"title":"Cosa puoi fare a Cluj? | Residenceillago","robots":{"index":"index","follow":"follow","max-snippet":"max-snippet:-1","max-image-preview":"max-image-preview:large","max-video-preview":"max-video-preview:-1"},"canonical":"https:\/\/residenceillago.ro\/it\/ce-poti-face-la-cluj\/","og_locale":"it_IT","og_type":"article","og_title":"Cosa puoi fare a Cluj? | Residenceillago","og_description":"Piazza dell&#8217;Unit\u00e0 Il cuore di Cluj Napoca \u00e8 la Piazza dell&#8217;Unit\u00e0 &#8211; kilometro zero. E&#8217; una delle pi\u00f9 vecchie piazze medioevale tra le citt\u00e0 di est e centro Europa, con dei bellissimi palazzi (neo) renascentisti, barocchi ed eclettici. Nel centro della piazza si trova la catedrale gotica San Michele e la statua di Mattia Corvin. [&hellip;]","og_url":"https:\/\/residenceillago.ro\/it\/ce-poti-face-la-cluj\/","og_site_name":"Residenceillago","article_publisher":"https:\/\/www.facebook.com\/RESIDENCEIlLago","article_modified_time":"2018-02-27T06:40:10+00:00","og_image":[{"url":"https:\/\/residenceillago.ro\/wp-content\/uploads\/2017\/05\/unnamed-300x269.jpg","type":"","width":"","height":""}],"twitter_card":"summary_large_image","twitter_site":"@RESIDENCEIlLago","twitter_misc":{"Est. reading time":"2 minutes"},"schema":{"@context":"https:\/\/schema.org","@graph":[{"@type":"WebPage","@id":"https:\/\/residenceillago.ro\/it\/ce-poti-face-la-cluj\/","url":"https:\/\/residenceillago.ro\/it\/ce-poti-face-la-cluj\/","name":"Cosa puoi fare a Cluj? | Residenceillago","isPartOf":{"@id":"https:\/\/residenceillago.ro\/#website"},"primaryImageOfPage":{"@id":"https:\/\/residenceillago.ro\/it\/ce-poti-face-la-cluj\/#primaryimage"},"image":{"@id":"https:\/\/residenceillago.ro\/it\/ce-poti-face-la-cluj\/#primaryimage"},"thumbnailUrl":"https:\/\/residenceillago.ro\/wp-content\/uploads\/2017\/05\/unnamed-300x269.jpg","datePublished":"2017-05-30T05:44:09+00:00","dateModified":"2018-02-27T06:40:10+00:00","breadcrumb":{"@id":"https:\/\/residenceillago.ro\/it\/ce-poti-face-la-cluj\/#breadcrumb"},"inLanguage":"it-IT","potentialAction":[{"@type":"ReadAction","target":["https:\/\/residenceillago.ro\/it\/ce-poti-face-la-cluj\/"]}]},{"@type":"ImageObject","inLanguage":"it-IT","@id":"https:\/\/residenceillago.ro\/it\/ce-poti-face-la-cluj\/#primaryimage","url":"https:\/\/residenceillago.ro\/wp-content\/uploads\/2017\/05\/unnamed-300x269.jpg","contentUrl":"https:\/\/residenceillago.ro\/wp-content\/uploads\/2017\/05\/unnamed-300x269.jpg"},{"@type":"BreadcrumbList","@id":"https:\/\/residenceillago.ro\/it\/ce-poti-face-la-cluj\/#breadcrumb","itemListElement":[{"@type":"ListItem","position":1,"name":"Home","item":"https:\/\/residenceillago.ro\/it\/"},{"@type":"ListItem","position":2,"name":"Cosa puoi fare a Cluj?"}]},{"@type":"WebSite","@id":"https:\/\/residenceillago.ro\/#website","url":"https:\/\/residenceillago.ro\/","name":"Residenceillago","description":"Residenceillago","potentialAction":[{"@type":"SearchAction","target":{"@type":"EntryPoint","urlTemplate":"https:\/\/residenceillago.ro\/?s={search_term_string}"},"query-input":{"@type":"PropertyValueSpecification","valueRequired":true,"valueName":"search_term_string"}}],"inLanguage":"it-IT"}]}},"_links":{"self":[{"href":"https:\/\/residenceillago.ro\/it\/wp-json\/wp\/v2\/pages\/673","targetHints":{"allow":["GET"]}}],"collection":[{"href":"https:\/\/residenceillago.ro\/it\/wp-json\/wp\/v2\/pages"}],"about":[{"href":"https:\/\/residenceillago.ro\/it\/wp-json\/wp\/v2\/types\/page"}],"author":[{"embeddable":true,"href":"https:\/\/residenceillago.ro\/it\/wp-json\/wp\/v2\/users\/1"}],"replies":[{"embeddable":true,"href":"https:\/\/residenceillago.ro\/it\/wp-json\/wp\/v2\/comments?post=673"}],"version-history":[{"count":7,"href":"https:\/\/residenceillago.ro\/it\/wp-json\/wp\/v2\/pages\/673\/revisions"}],"predecessor-version":[{"id":1079,"href":"https:\/\/residenceillago.ro\/it\/wp-json\/wp\/v2\/pages\/673\/revisions\/1079"}],"wp:attachment":[{"href":"https:\/\/residenceillago.ro\/it\/wp-json\/wp\/v2\/media?parent=673"}],"curies":[{"name":"wp","href":"https:\/\/api.w.org\/{rel}","templated":true}]}}