{"id":730,"date":"2017-05-31T13:15:40","date_gmt":"2017-05-31T13:15:40","guid":{"rendered":"http:\/\/residenceillago.ro\/it\/termeni-si-conditii\/"},"modified":"2024-01-11T10:10:02","modified_gmt":"2024-01-11T10:10:02","slug":"termeni-si-conditii","status":"publish","type":"page","link":"https:\/\/residenceillago.ro\/it\/termeni-si-conditii\/","title":{"rendered":"Termini e condizioni RESIDENCE Il Lago"},"content":{"rendered":"<p><strong>Cap. I &#8211; le parti contraenti <\/strong><\/p>\n<p>1.1. Servizi di alloggio offerti da &#8220;Residence il Lago&#8221; sono forniti da SC GU GLOBAL LLC, con sede a Cluj, Comuna Mihai Viteazu, Sat Cornesti no. 53, ha registrato O.R.C. n. J12 \/ 2890\/2006, con C.U.I. IT 18978926 con filiali in Cluj-Napoca, Str. Dunarii nr. 20 B, C bl, contea di Cluj..;<\/p>\n<p>1.2. Pertanto fornitore di servizi di alloggio \u00e8 SC GU GLOBAL LLC, con sede a Cluj, Comuna Mihai Viteazu, Sat Cornesti no. 53, ha registrato O.R.C. n. J12 \/ 2890\/2006, con C.U.I. IT 18978926 e il cliente \u00e8 la persona fisica o giuridica che direttamente o servizio di controllo rappresentante \/ agente legale fornita dal fornitore;<\/p>\n<p>1.3. Per valida richiesta del cliente e fornitore di alimentazione come un singolo richiedente \u00e8 tenuto ad avere piena capacit\u00e0 giuridica e persona giuridica di avere piena capacit\u00e0 di contrattare i servizi offerti dal fornitore;<\/p>\n<p><strong>Cap. II &#8211; Conclusione di un contratto, come prenotazione, modifiche di prenotazione, smettere di prenotazione e obblighi relativi alle notifiche;<\/strong><\/p>\n<p>2.1. Il bando di gara, rimesso al cliente, in forma orale o scritta, il fornitore invier\u00e0 un&#8217;offerta. Se, entro 24 ore l&#8217;invio dell&#8217;offerta, il fornitore non riceve un ordine fermo da parte del cliente, la validit\u00e0 dell&#8217;offerta rilasciata dal fornitore cessa;<\/p>\n<p>2.2. Il contratto tra il cliente e il fornitore nasce dalla conferma scritta rilasciata dal fornitore, al momento dell&#8217;accettazione dell&#8217;offerta di quest&#8217;ultimo, da parte del cliente;<\/p>\n<p>2.3. Il contratto tra cliente e fornitore, per quanto riguarda l&#8217;uso di strutture ricettive, ha limitato periodo di tempo, rigorosamente al periodo coperto dal conferma scritta rilasciata dal fornitore;<\/p>\n<p>2.4. Il provider pu\u00f2 effettuare la conferma validit\u00e0 della sua offerta, il pagamento di un anticipo di servizi confermati, in percentuale fino al 50% del totale confermato i servizi;<\/p>\n<p>2.5. Se il cliente rinuncia al fornitore di servizi di alloggio gi\u00e0 confermato dalle disposizioni contenute nel capitolo. III &#8211; Condizioni di cancellazione e di rinuncia;<\/p>\n<p>2.6. Per estendere l&#8217;utilizzo dei servizi di alloggio offerti dal fornitore, su richiesta del cliente, previa autorizzazione del fornitore. Il cliente deve pagare immediatamente e pienamente per i servizi che hanno beneficiato di inclinazione, fino a quando la richiesta di proroga;<\/p>\n<p>2.7. Per modificare \/ contratto di integrazione tra cliente e fornitore \u00e8 necessario un accordo scritto firmato da entrambe le parti contraenti;<br \/>\n<strong>Cap. III &#8211; Condizioni di smettere di prenotazione, la cancellazione e la risoluzione del contratto <\/strong><\/p>\n<p>3.1. Per i servizi di alloggio gi\u00e0 confermato dal fornitore e il calo dei clienti a seguito dell&#8217;emissione di conferma, il provider pu\u00f2 addebitare le seguenti sanzioni: &#8211; se la rinuncia si verifica pi\u00f9 di 24 ore prima dell&#8217;arrivo, il cliente \/ agenzia \/ societ\u00e0 deve 100% del canone per un giorno; &#8211; se la rinuncia avviene almeno 7 giorni prima dell&#8217;arrivo previsto, il cliente non deve la fornitore nessuna penalit\u00e0;<\/p>\n<p>3.2. Se il cliente non ha pagato l&#8217;anticipo richiesto dalla conferma rilasciata dal fornitore, non pi\u00f9 tardi di 48 ore prima della data di arrivo, non garantisce la prenotazione con carta di credito o in altro modo, l&#8217;obbligo del fornitore di fornire servizio di ricettivit\u00e0 confermato cessa. L&#8217;anticipo si considera pagato se la quantit\u00e0 di conto bancario del fornitore di anticipo accreditato entro e non oltre 48 ore prima dell&#8217;arrivo;<\/p>\n<p>3.3. Cancellazione pu\u00f2 essere effettuata per iscritto entro e non oltre 7 giorni prima del giorno di arrivo previsto;<\/p>\n<p>3.4. Provider pu\u00f2 rescindere unilateralmente il contratto ogni volta che il cliente trova che: &#8211; non utilizzare unit\u00e0 abitative secondo la sua destinazione; &#8211; degrada mobili o strutture di qualsiasi tipo; &#8211; atteggiamento mostrato fastidio altri clienti; &#8211; pregiudica le norme che proteggono la morale, l&#8217;ordine pubblico e la pace;<\/p>\n<p><strong>Cap. IV &#8211; Le tariffe, le tasse e il pagamento di fatturazione <\/strong><\/p>\n<p>4.1. Le tariffe offerti dal fornitore vengono visualizzati sia nel turismo e sito web del fornitore, e possono essere differenziati a seconda del periodo per il quale viene effettuata la prenotazione o a seconda della durata della prenotazione. La determinazione dei canoni pu\u00f2 essere effettuato in RON o EURO;<\/p>\n<p>4.2. Servizi di pagamento forniti viene fatto dal cliente nella fattura emessa dal fornitore in contanti o con carta, RON, dove i residenti o euro RON per i non residenti;<\/p>\n<p>4.3. Pagamento anticipato la considerazione di alloggio fornito, il pagamento pu\u00f2 essere effettuato tramite bonifico bancario, conto RO21BRDE130SV34217301300 aperto con BRD Cluj Agenzia fattura \u00e8 emessa in questo caso da parte del fornitore dopo importo inacasarii che rappresenta il valore dei servizi alloggio;<\/p>\n<p><strong>Cap. V &#8211; Obblighi delle parti <\/strong><\/p>\n<p>5.1. Fornitore, soggetta al pagamento del canone dovuto, \u00e8 tenuto a garantire l&#8217;utilizzo da parte del cliente per tutta la durata della confermata, l&#8217;alloggio contratta;<\/p>\n<p>5.2. Il cliente \u00e8 tenuto a pagare, senza indugio, i servizi forniti dal fornitore;<\/p>\n<p>5.3. Il cliente \u00e8 obbligato ad utilizzare le unit\u00e0 abitative secondo la destinazione, mantenere unit\u00e0 abitativa pulite e aree comuni, non disturbare gli altri inquilini e non degradare mobile di contenimento dell&#8217;unit\u00e0 e attrezzature;<\/p>\n<p>5.4. Nel caso in cui il cliente provoca danni al fornitore in violazione dell&#8217;obbligo imposto al presente contratto, sar\u00e0 coprire l&#8217;intero pagamento del risarcimento dei danni;<\/p>\n<p><strong>Cap. VI &#8211; Accesso animali domestici, spese di animali addebitata<\/strong><\/p>\n<p>6.1. Fornitore, in linea di principio, ha permesso l&#8217;accesso alle unit\u00e0 abitative di animali domestici, piccole dimensioni e mezzo, ma il cliente \u00e8 tenuto, presso la richiesta di proposte, per chiarire la sua intenzione di essere corredate di un siffatto animale domestico, ed indicare in tal modo l&#8217;animale e la sua dimensione, in seguito al fornitore di presentare per iscritto l&#8217;accettazione o il rifiuto di accettare l&#8217;animale appropriata.<\/p>\n<p>6.2. In caso di accettazione di animali domestici, fornitore di addebitare un costo aggiuntivo di 50 lei \/ notte, che \u00e8 pagato per la pulizia finale della custodia dell&#8217;unit\u00e0.<\/p>\n<p><strong>Cap. VII &#8211; Disposizioni end<\/strong><\/p>\n<p>7.1. Fornitore, di Sensi della Legge. 677\/2001 operatori ed e e di dare personali dei riservatezza Tenuto e Alla Alla adeguata Protezione dei Che e Conoscenza personal dare di, Dicendo personal dare Che Tali Con gli vengono obblighi gesto secondo Dalla Legge impostore.<\/p>\n<p>7.2. Anche il fornitore e Propone del sito di Forni Agli Utenti Un&#8217;esperienza linea Sicura Che non influenza negativamente Loro manzo personale. In this azienda TUTTI GLI fa l&#8217;uso dei Sforza per Garant personali dare loro la fine del concordato, dal Esclusivamente per cliente, di servizi fornitore Momento della Contrattazione.<\/p>\n<p><span style=\"font-size: small;\"><span lang=\"it-IT\"><b>\u00a0<\/b><\/span><\/span><\/p>\n","protected":false},"excerpt":{"rendered":"<p>Cap. I &#8211; le parti contraenti 1.1. Servizi di alloggio offerti da &#8220;Residence il Lago&#8221; sono forniti da SC GU GLOBAL LLC, con sede a Cluj, Comuna Mihai Viteazu, Sat Cornesti no. 53, ha registrato O.R.C. n. J12 \/ 2890\/2006, con C.U.I. IT 18978926 con filiali in Cluj-Napoca, Str. Dunarii nr. 20 B, C bl, [&hellip;]<\/p>\n","protected":false},"author":1,"featured_media":0,"parent":0,"menu_order":0,"comment_status":"closed","ping_status":"closed","template":"page-fullwidth.php","meta":{"_acf_changed":false,"footnotes":""},"class_list":["post-730","page","type-page","status-publish","hentry"],"acf":[],"yoast_head":"<!-- This site is optimized with the Yoast SEO plugin v27.0 - https:\/\/yoast.com\/product\/yoast-seo-wordpress\/ -->\n<title>Termini e condizioni RESIDENCE Il Lago | Residenceillago<\/title>\n<meta name=\"robots\" content=\"index, follow, max-snippet:-1, max-image-preview:large, max-video-preview:-1\" \/>\n<link rel=\"canonical\" href=\"https:\/\/residenceillago.ro\/it\/termeni-si-conditii\/\" \/>\n<meta property=\"og:locale\" content=\"it_IT\" \/>\n<meta property=\"og:type\" content=\"article\" \/>\n<meta property=\"og:title\" content=\"Termini e condizioni RESIDENCE Il Lago | Residenceillago\" \/>\n<meta property=\"og:description\" content=\"Cap. I &#8211; le parti contraenti 1.1. Servizi di alloggio offerti da &#8220;Residence il Lago&#8221; sono forniti da SC GU GLOBAL LLC, con sede a Cluj, Comuna Mihai Viteazu, Sat Cornesti no. 53, ha registrato O.R.C. n. J12 \/ 2890\/2006, con C.U.I. IT 18978926 con filiali in Cluj-Napoca, Str. Dunarii nr. 20 B, C bl, [&hellip;]\" \/>\n<meta property=\"og:url\" content=\"https:\/\/residenceillago.ro\/it\/termeni-si-conditii\/\" \/>\n<meta property=\"og:site_name\" content=\"Residenceillago\" \/>\n<meta property=\"article:publisher\" content=\"https:\/\/www.facebook.com\/RESIDENCEIlLago\" \/>\n<meta property=\"article:modified_time\" content=\"2024-01-11T10:10:02+00:00\" \/>\n<meta property=\"og:image\" content=\"http:\/\/residenceillago.ro\/wp-content\/uploads\/2017\/03\/cropped-cropped-Residence_Il_Lago2-0.png\" \/>\n<meta name=\"twitter:card\" content=\"summary_large_image\" \/>\n<meta name=\"twitter:site\" content=\"@RESIDENCEIlLago\" \/>\n<meta name=\"twitter:label1\" content=\"Est. reading time\" \/>\n\t<meta name=\"twitter:data1\" content=\"6 minutes\" \/>\n<script type=\"application\/ld+json\" class=\"yoast-schema-graph\">{\"@context\":\"https:\/\/schema.org\",\"@graph\":[{\"@type\":\"WebPage\",\"@id\":\"https:\/\/residenceillago.ro\/it\/termeni-si-conditii\/\",\"url\":\"https:\/\/residenceillago.ro\/it\/termeni-si-conditii\/\",\"name\":\"Termini e condizioni RESIDENCE Il Lago | Residenceillago\",\"isPartOf\":{\"@id\":\"https:\/\/residenceillago.ro\/#website\"},\"datePublished\":\"2017-05-31T13:15:40+00:00\",\"dateModified\":\"2024-01-11T10:10:02+00:00\",\"breadcrumb\":{\"@id\":\"https:\/\/residenceillago.ro\/it\/termeni-si-conditii\/#breadcrumb\"},\"inLanguage\":\"it-IT\",\"potentialAction\":[{\"@type\":\"ReadAction\",\"target\":[\"https:\/\/residenceillago.ro\/it\/termeni-si-conditii\/\"]}]},{\"@type\":\"BreadcrumbList\",\"@id\":\"https:\/\/residenceillago.ro\/it\/termeni-si-conditii\/#breadcrumb\",\"itemListElement\":[{\"@type\":\"ListItem\",\"position\":1,\"name\":\"Home\",\"item\":\"https:\/\/residenceillago.ro\/it\/\"},{\"@type\":\"ListItem\",\"position\":2,\"name\":\"Termini e condizioni RESIDENCE Il Lago\"}]},{\"@type\":\"WebSite\",\"@id\":\"https:\/\/residenceillago.ro\/#website\",\"url\":\"https:\/\/residenceillago.ro\/\",\"name\":\"Residenceillago\",\"description\":\"Residenceillago\",\"potentialAction\":[{\"@type\":\"SearchAction\",\"target\":{\"@type\":\"EntryPoint\",\"urlTemplate\":\"https:\/\/residenceillago.ro\/?s={search_term_string}\"},\"query-input\":{\"@type\":\"PropertyValueSpecification\",\"valueRequired\":true,\"valueName\":\"search_term_string\"}}],\"inLanguage\":\"it-IT\"}]}<\/script>\n<!-- \/ Yoast SEO plugin. -->","yoast_head_json":{"title":"Termini e condizioni RESIDENCE Il Lago | Residenceillago","robots":{"index":"index","follow":"follow","max-snippet":"max-snippet:-1","max-image-preview":"max-image-preview:large","max-video-preview":"max-video-preview:-1"},"canonical":"https:\/\/residenceillago.ro\/it\/termeni-si-conditii\/","og_locale":"it_IT","og_type":"article","og_title":"Termini e condizioni RESIDENCE Il Lago | Residenceillago","og_description":"Cap. I &#8211; le parti contraenti 1.1. Servizi di alloggio offerti da &#8220;Residence il Lago&#8221; sono forniti da SC GU GLOBAL LLC, con sede a Cluj, Comuna Mihai Viteazu, Sat Cornesti no. 53, ha registrato O.R.C. n. J12 \/ 2890\/2006, con C.U.I. IT 18978926 con filiali in Cluj-Napoca, Str. Dunarii nr. 20 B, C bl, [&hellip;]","og_url":"https:\/\/residenceillago.ro\/it\/termeni-si-conditii\/","og_site_name":"Residenceillago","article_publisher":"https:\/\/www.facebook.com\/RESIDENCEIlLago","article_modified_time":"2024-01-11T10:10:02+00:00","og_image":[{"url":"http:\/\/residenceillago.ro\/wp-content\/uploads\/2017\/03\/cropped-cropped-Residence_Il_Lago2-0.png","type":"","width":"","height":""}],"twitter_card":"summary_large_image","twitter_site":"@RESIDENCEIlLago","twitter_misc":{"Est. reading time":"6 minutes"},"schema":{"@context":"https:\/\/schema.org","@graph":[{"@type":"WebPage","@id":"https:\/\/residenceillago.ro\/it\/termeni-si-conditii\/","url":"https:\/\/residenceillago.ro\/it\/termeni-si-conditii\/","name":"Termini e condizioni RESIDENCE Il Lago | Residenceillago","isPartOf":{"@id":"https:\/\/residenceillago.ro\/#website"},"datePublished":"2017-05-31T13:15:40+00:00","dateModified":"2024-01-11T10:10:02+00:00","breadcrumb":{"@id":"https:\/\/residenceillago.ro\/it\/termeni-si-conditii\/#breadcrumb"},"inLanguage":"it-IT","potentialAction":[{"@type":"ReadAction","target":["https:\/\/residenceillago.ro\/it\/termeni-si-conditii\/"]}]},{"@type":"BreadcrumbList","@id":"https:\/\/residenceillago.ro\/it\/termeni-si-conditii\/#breadcrumb","itemListElement":[{"@type":"ListItem","position":1,"name":"Home","item":"https:\/\/residenceillago.ro\/it\/"},{"@type":"ListItem","position":2,"name":"Termini e condizioni RESIDENCE Il Lago"}]},{"@type":"WebSite","@id":"https:\/\/residenceillago.ro\/#website","url":"https:\/\/residenceillago.ro\/","name":"Residenceillago","description":"Residenceillago","potentialAction":[{"@type":"SearchAction","target":{"@type":"EntryPoint","urlTemplate":"https:\/\/residenceillago.ro\/?s={search_term_string}"},"query-input":{"@type":"PropertyValueSpecification","valueRequired":true,"valueName":"search_term_string"}}],"inLanguage":"it-IT"}]}},"_links":{"self":[{"href":"https:\/\/residenceillago.ro\/it\/wp-json\/wp\/v2\/pages\/730","targetHints":{"allow":["GET"]}}],"collection":[{"href":"https:\/\/residenceillago.ro\/it\/wp-json\/wp\/v2\/pages"}],"about":[{"href":"https:\/\/residenceillago.ro\/it\/wp-json\/wp\/v2\/types\/page"}],"author":[{"embeddable":true,"href":"https:\/\/residenceillago.ro\/it\/wp-json\/wp\/v2\/users\/1"}],"replies":[{"embeddable":true,"href":"https:\/\/residenceillago.ro\/it\/wp-json\/wp\/v2\/comments?post=730"}],"version-history":[{"count":5,"href":"https:\/\/residenceillago.ro\/it\/wp-json\/wp\/v2\/pages\/730\/revisions"}],"predecessor-version":[{"id":2389,"href":"https:\/\/residenceillago.ro\/it\/wp-json\/wp\/v2\/pages\/730\/revisions\/2389"}],"wp:attachment":[{"href":"https:\/\/residenceillago.ro\/it\/wp-json\/wp\/v2\/media?parent=730"}],"curies":[{"name":"wp","href":"https:\/\/api.w.org\/{rel}","templated":true}]}}